{"id":14336,"date":"2022-03-26T09:52:33","date_gmt":"2022-03-26T08:52:33","guid":{"rendered":"https:\/\/www.ocho.pl\/?page_id=14336"},"modified":"2023-08-28T07:55:31","modified_gmt":"2023-08-28T05:55:31","slug":"thermoflo-cleaning-of-eye-margins","status":"publish","type":"page","link":"https:\/\/www.ocho.pl\/en\/treatment\/thermoflo-cleaning-of-eye-margins\/","title":{"rendered":"Thermoflo \u2013 cleaning of eye margins"},"content":{"rendered":"<div class=\"wpb-content-wrapper\"><p>[vc_row ts_bgcolor=&#8221;primarydarkgrey&#8221;][vc_column width=&#8221;2\/3&#8243;][vc_empty_space]<h2 style=\"text-align:left;\" class=\"ts-custom-heading \" >Czy Twoje oczy do\u015bwiadczaj\u0105 kt\u00f3regokolwiek z poni\u017cszych objaw\u00f3w?<\/h2>\n[vc_row_inner][vc_column_inner width=&#8221;1\/2&#8243;]<ul class=\"ts-list ts-list-style-icon ts-list-icon-color-skincolor ts- ts-icon-skincolor ts-list-textsize- ts-list-icon-library-fontawesome\"><li><i class=\"ts-skincolor fa fa-caret-right\"><\/i>  <span class=\"ts-list-li-content\">K\u0142ucie lub pieczenie\n<\/span><\/li><li><i class=\"ts-skincolor fa fa-caret-right\"><\/i>  <span class=\"ts-list-li-content\">Uczucie piasku lub ziarnisto\u015bci<\/span><\/li><li><i class=\"ts-skincolor fa fa-caret-right\"><\/i>  <span class=\"ts-list-li-content\">Uczucie piasku lub ziarnisto\u015bci<\/span><\/li><li><i class=\"ts-skincolor fa fa-caret-right\"><\/i>  <span class=\"ts-list-li-content\">Problemy przy czytaniu lub korzystaniu z urz\u0105dze\u0144 elektonicznych<\/span><\/li><\/ul>[\/vc_column_inner][vc_column_inner width=&#8221;1\/2&#8243;]<ul class=\"ts-list ts-list-style-icon ts-list-icon-color-skincolor ts- ts-icon-skincolor ts-list-textsize- ts-list-icon-library-fontawesome\"><li><i class=\"ts-skincolor fa fa-caret-right\"><\/i>  <span class=\"ts-list-li-content\">Zaburzenia widzenia\n<\/span><\/li><li><i class=\"ts-skincolor fa fa-caret-right\"><\/i>  <span class=\"ts-list-li-content\">Zm\u0119czenie<\/span><\/li><li><i class=\"ts-skincolor fa fa-caret-right\"><\/i>  <span class=\"ts-list-li-content\">Zaczerwienienie<\/span><\/li><li><i class=\"ts-skincolor fa fa-caret-right\"><\/i>  <span class=\"ts-list-li-content\">Dyskomfort zwi\u0105zany z soczewkami kontaktowymi<\/span><\/li><\/ul>[\/vc_column_inner][\/vc_row_inner][vc_empty_space][vc_separator][vc_separator][vc_video link=&#8221;https:\/\/www.youtube.com\/watch?v=upEV5RefNSg&#8221;][vc_separator][vc_video link=&#8221;https:\/\/www.youtube.com\/watch?v=_-2fh90X3lc&#8221;][vc_separator][vc_video link=&#8221;https:\/\/www.youtube.com\/watch?v=QUKcafHeiEE&#8221;][vc_separator]<h2 style=\"text-align:left;\" class=\"ts-custom-heading \" >FAQ<\/h2>\n[vc_tta_accordion active_section=&#8221;111&#8243; collapsible_all=&#8221;true&#8221;][vc_tta_section title=&#8221;Na czy polega zabieg ciep\u0142ego masa\u017cu powiek ?&#8221; tab_id=&#8221;1644692949661-18c65c26-02a6&#8243;][vc_column_text]Zabieg termicznego masa\u017cu (&#8220;masa\u017cu ciep\u0142em&#8221;) kt\u00f3ry stymuluje gruczo\u0142y Meiboma polecany pacjentom cierpi\u0105cym na zesp\u00f3\u0142 suchego oka. Specjalistyczne urz\u0105dzenie podczas wykonywanego zabiegu emituje sta\u0142\u0105 temperatur\u0119 42oC, co stymuluje gruczo\u0142y i jednocze\u015bnie poddaje powieki masa\u017cowi i oczyszczaniu. Zabieg jest nieinwazyjny i bezbolesny, poprawia funkcjonowanie gruczo\u0142\u00f3w powiekowych, struktur\u0119 filmu \u0142zowego i pozwala na stopniowe ust\u0105pienie dolegliwo\u015bci.[\/vc_column_text][\/vc_tta_section][vc_tta_section title=&#8221;Are effects felt already after the first procedure?&#8221; tab_id=&#8221;1648281697556-18d67c88-88d2&#8243;][vc_column_text]The efficacy of the procedure is an individual matter. Some patients feel relief already after the first procedure.[\/vc_column_text][\/vc_tta_section][vc_tta_section title=&#8221;How long does the procedure last?&#8221; tab_id=&#8221;1648281730029-635454e4-8077&#8243;][vc_column_text]Jedna sesja trwa oko\u0142o 30 minut.[\/vc_column_text][\/vc_tta_section][vc_tta_section title=&#8221;How many procedures should be performed?&#8221; tab_id=&#8221;1648281751560-7e4b3b50-3e88&#8243;][vc_column_text]Doctors recommend a series of 4 procedures at intervals of more or less 2 weeks. Then, the procedure is repeated every six months.[\/vc_column_text][\/vc_tta_section][vc_tta_section title=&#8221;Can I come to the procedure wearing my contact lenses?&#8221; tab_id=&#8221;1648281783686-6d03a13e-7e2e&#8221;][vc_column_text]No, you must remove contact lenses before the procedure.[\/vc_column_text][\/vc_tta_section][vc_tta_section title=&#8221;Can I insert my contact lenses after the procedure?&#8221; tab_id=&#8221;1648281818328-90448fbf-dba5&#8243;][vc_column_text]Yes.[\/vc_column_text][\/vc_tta_section][vc_tta_section title=&#8221;Is the procedure unpleasant?&#8221; tab_id=&#8221;1648281847353-2ca886fd-143e&#8221;][vc_column_text]No, the procedure involves a \u201cmassage\u201d of the eyelids with a warm probe, with the use of special gel for ultrasound procedures. It is often defined as \u201cSPA\u201d by patients, since the procedure is very pleasant, even relaxing.[\/vc_column_text][\/vc_tta_section][vc_tta_section title=&#8221;Dla kogo przeznaczony jest zabieg ?&#8221; tab_id=&#8221;1648281872728-17e6fcfb-f45d&#8221;][vc_column_text]Zbieg termicznego (cieplnego) masa\u017cu polecamy Pacjentom cierpi\u0105cym na Zesp\u00f3\u0142 Suchego Oka oraz przy odczuwaniu k\u0142ucia lub pieczenia, zaczerwienienia oczu, uczucia piasku pod powiekami, zaburze\u0144 widzenia, dyskomfortu przy noszeniu soczewek kontaktowych.[\/vc_column_text][\/vc_tta_section][vc_tta_section title=&#8221;Should I remove make-up before the procedure?&#8221; tab_id=&#8221;1648281895055-fe51d670-8a87&#8243;][vc_column_text]Yes.[\/vc_column_text][\/vc_tta_section][vc_tta_section title=&#8221;Czy zabieg mo\u017ce by\u0107 polecany r\u00f3wnie\u017c kobietom w ci\u0105\u017cy? &#8221; tab_id=&#8221;1648281922091-e7831e8e-c4d5&#8243;][vc_column_text]Yes. There are no contraindications to the performance of this procedure in pregnant women.[\/vc_column_text][\/vc_tta_section][\/vc_tta_accordion][\/vc_column][vc_column width=&#8221;1\/3&#8243;][vc_empty_space][vc_row_inner equal_height=&#8221;yes&#8221; el_class=&#8221;ts-discount-box osrodki&#8221;][vc_column_inner]<div class=\"ts-vc_icon_element ts-vc_icon_element-outer ts-vc_icon_element-align-center  ts-vc_icon_element-have-style vc_custom_1646823477191\"><div class=\"ts-vc_icon_element-inner  ts-vc_icon_element-have-style-inner ts-vc_icon_element-color-white ts-vc_icon_element-size-lg ts-vc_icon_element-style-rounded ts-vc_icon_element-background ts-vc_icon_element-background-color-custom\"  style=\"background-color:#325575\"><span class=\"ts-vc_icon_element-icon tsoptmicon flaticon-eye\" ><\/span><\/div><\/div><h4 style=\"text-align:center;font-size:25px;line-height:35px;color:#325575;font-family:'Montserrat',Arial,Helvetica;font-weight:700;\" class=\"ts-custom-heading \" >cleaning of eye margins<\/h4>\n<h6 style=\"text-align:center;color:#ffffff;font-family:'Montserrat',Arial,Helvetica;font-weight:700;\" class=\"ts-custom-heading \" >price from<\/h6>\n<h3 style=\"text-align:center;font-size:50px;line-height:60px;color:#ffffff;font-family:'Montserrat',Arial,Helvetica;font-weight:700;\" class=\"ts-custom-heading ts-skincolor vc_custom_1651532074401\" >150 PLN<\/h3>\n[vc_empty_space][\/vc_column_inner][\/vc_row_inner][vc_empty_space][vc_row_inner equal_height=&#8221;yes&#8221; el_class=&#8221;ts-discount-box osrodki&#8221;][vc_column_inner]<h4 style=\"text-align:center;font-size:22px;line-height:32px;color:#325575;font-family:'Montserrat',Arial,Helvetica;font-weight:700;\" class=\"ts-custom-heading vc_custom_1646823939867\" >Dost\u0119pne w:<\/h4>\n[vc_empty_space height=&#8221;20px&#8221;]\r\n\t\t<div class=\"ts-vc_btn3-container  btnosr ts-vc_btn3-left\"><a class=\"ts-vc_general ts-vc_btn3 ts-vc_btn3-size-lg ts-vc_btn3-shape-rounded ts-vc_btn3-style-flat ts-vc_btn3-weight-no ts-vc_btn3-icon-left ts-vc_btn3-color-blue\" href=\"https:\/\/www.ocho.pl\/osrodki-chirurgi-oka\/krakow\/\" title=\"O\u015brodek Chirurgii Oka w Krakowie\"><i class=\"ts-vc_btn3-icon tsoptmicon flaticon-optometrist-10\"><\/i> <strong>KRAK\u00d3W<\/strong><br \/>\nO\u015brodek Chirurgii Oka<\/a><\/div>\r\n\t\t<div class=\"ts-vc_btn3-container  btnosr ts-vc_btn3-left\"><a class=\"ts-vc_general ts-vc_btn3 ts-vc_btn3-size-lg ts-vc_btn3-shape-rounded ts-vc_btn3-style-flat ts-vc_btn3-weight-no ts-vc_btn3-icon-left ts-vc_btn3-color-blue\" href=\"https:\/\/www.ocho.pl\/gabinety-okulistyczne\/lublin\/\" title=\"Gabinety okulistyczne w Lublinie\"><i class=\"ts-vc_btn3-icon tsoptmicon flaticon-optometrist-14\"><\/i> <strong>LUBLIN<\/strong><br \/>\nGabinety okulistyczne<\/a><\/div>\r\n\t\t<div class=\"ts-vc_btn3-container  btnosr ts-vc_btn3-left\"><a class=\"ts-vc_general ts-vc_btn3 ts-vc_btn3-size-lg ts-vc_btn3-shape-rounded ts-vc_btn3-style-flat ts-vc_btn3-weight-no ts-vc_btn3-icon-left ts-vc_btn3-color-blue\" href=\"https:\/\/www.ocho.pl\/osrodki-chirurgi-oka\/rzeszow\/\" title=\"O\u015brodek Chirurgii Oka w Rzeszowie\"><i class=\"ts-vc_btn3-icon tsoptmicon flaticon-optometrist-1\"><\/i> <strong>RZESZ\u00d3W<\/strong><br \/>\nO\u015brodek Chirurgii Oka<\/a><\/div>[\/vc_column_inner][\/vc_row_inner][vc_empty_space][\/vc_column][\/vc_row]<\/p>\n<\/div>","protected":false},"excerpt":{"rendered":"<p>[vc_row ts_bgcolor=&#8221;primarydarkgrey&#8221;][vc_column width=&#8221;2\/3&#8243;][vc_empty_space][vc_row_inner][vc_column_inner width=&#8221;1\/2&#8243;][\/vc_column_inner][vc_column_inner width=&#8221;1\/2&#8243;][\/vc_column_inner][\/vc_row_inner][vc_empty_space][vc_separator][vc_separator][vc_video link=&#8221;https:\/\/www.youtube.com\/watch?v=upEV5RefNSg&#8221;][vc_separator][vc_video link=&#8221;https:\/\/www.youtube.com\/watch?v=_-2fh90X3lc&#8221;][vc_separator][vc_video link=&#8221;https:\/\/www.youtube.com\/watch?v=QUKcafHeiEE&#8221;][vc_separator][vc_tta_accordion active_section=&#8221;111&#8243; collapsible_all=&#8221;true&#8221;][vc_tta_section title=&#8221;Na czy polega zabieg ciep\u0142ego masa\u017cu powiek ?&#8221; tab_id=&#8221;1644692949661-18c65c26-02a6&#8243;][vc_column_text]Zabieg termicznego masa\u017cu (&#8220;masa\u017cu ciep\u0142em&#8221;) kt\u00f3ry stymuluje gruczo\u0142y Meiboma polecany pacjentom cierpi\u0105cym na zesp\u00f3\u0142 suchego oka. Specjalistyczne urz\u0105dzenie podczas wykonywanego zabiegu emituje sta\u0142\u0105 temperatur\u0119 42oC, co stymuluje gruczo\u0142y i jednocze\u015bnie poddaje powieki masa\u017cowi i oczyszczaniu. Zabieg jest &hellip; <a href=\"https:\/\/www.ocho.pl\/en\/treatment\/thermoflo-cleaning-of-eye-margins\/\" class=\"more-link\">Continue reading <span class=\"screen-reader-text\">Thermoflo \u2013 cleaning of eye margins<\/span><\/a><\/p>\n","protected":false},"author":1,"featured_media":0,"parent":13749,"menu_order":0,"comment_status":"closed","ping_status":"closed","template":"","meta":{"_acf_changed":false,"footnotes":"","_links_to":"","_links_to_target":""},"class_list":["post-14336","page","type-page","status-publish","hentry"],"acf":[],"aioseo_notices":[],"_links":{"self":[{"href":"https:\/\/www.ocho.pl\/en\/wp-json\/wp\/v2\/pages\/14336","targetHints":{"allow":["GET"]}}],"collection":[{"href":"https:\/\/www.ocho.pl\/en\/wp-json\/wp\/v2\/pages"}],"about":[{"href":"https:\/\/www.ocho.pl\/en\/wp-json\/wp\/v2\/types\/page"}],"author":[{"embeddable":true,"href":"https:\/\/www.ocho.pl\/en\/wp-json\/wp\/v2\/users\/1"}],"replies":[{"embeddable":true,"href":"https:\/\/www.ocho.pl\/en\/wp-json\/wp\/v2\/comments?post=14336"}],"version-history":[{"count":2,"href":"https:\/\/www.ocho.pl\/en\/wp-json\/wp\/v2\/pages\/14336\/revisions"}],"predecessor-version":[{"id":17146,"href":"https:\/\/www.ocho.pl\/en\/wp-json\/wp\/v2\/pages\/14336\/revisions\/17146"}],"up":[{"embeddable":true,"href":"https:\/\/www.ocho.pl\/en\/wp-json\/wp\/v2\/pages\/13749"}],"wp:attachment":[{"href":"https:\/\/www.ocho.pl\/en\/wp-json\/wp\/v2\/media?parent=14336"}],"curies":[{"name":"wp","href":"https:\/\/api.w.org\/{rel}","templated":true}]}}