{"id":13976,"date":"2022-02-12T23:11:07","date_gmt":"2022-02-12T22:11:07","guid":{"rendered":"https:\/\/www.ocho.pl\/doctors-ocho\/"},"modified":"2023-07-13T15:24:12","modified_gmt":"2023-07-13T13:24:12","slug":"ophthalmologists","status":"publish","type":"page","link":"https:\/\/www.ocho.pl\/en\/ophthalmologists\/","title":{"rendered":"Ophthalmologists"},"content":{"rendered":"<div class=\"wpb-content-wrapper\"><p>[vc_row][vc_column]<div class=\"themestek-boxes themestek-boxes-team themestek-boxes-element-team-style-2 themestek-boxes-view-default themestek-boxes-col-three themestek-boxes-sortable-yes themestek-boxes-textalign-center themestek-boxes-sortablebutton-\">\r\n\t\t<div class=\"themestek-boxes-inner themestek-boxes-team-inner \"><div class=\"themestek-box-heading-wrapper ts-element-align-center\"><div class=\"ts-element-heading-wrapper ts-heading-inner ts-element-align-center ts-seperator-none \"><section class=\"ts-vc_cta3-container\"><div class=\"ts-vc_general ts-vc_cta3 ts-cta3-only ts-vc_cta3-style-classic ts-vc_cta3-shape-rounded ts-vc_cta3-align-center ts-vc_cta3-color-transparent ts-vc_cta3-icon-size-md ts-vc_cta3-actions-no ts-cta3-with-desc\"><div class=\"ts-vc_cta3_content-container\"><div class=\"ts-vc_cta3-content\"><div class=\"ts-vc_cta3-content-header ts-wrap\"><div class=\"ts-vc_cta3-headers ts-wrap-cell\"><h2 class=\"ts-custom-heading \" >OUTSTANDING SPECIALISTS.<\/h2>\n<\/div><\/div><div class=\"ts-cta3-content-wrapper\"><p>Experienced ophthalmologists from Poland and abroad, mostly students of Professor Zbigniew Zag\u00f3rski, today representing the core of the OCHO Medical Group. And there is also the entire OCHO TEAM &#8211; scrub nurses, nurses, patient service workers, our administration and all those who support the treatment process by their everyday work. Our eyes are always on the <strong>PATIENT.<\/strong><\/p><\/div><\/div><\/div><\/div><\/section><\/div> <!-- .ts-element-heading-wrapper container --> <\/div> <!-- .ts-element-heading-wrapper container --> \r\n\t\t\t\r\n\t\t\t<div class=\"row multi-columns-row themestek-boxes-row-wrapper\">\r\n\t\t\t\t<div class=\"ts-box-col-wrapper col-lg-4 col-sm-6 col-md-4 col-xs-12 \"><article class=\"themestek-box themestek-box-team ts-teambox-style-2  ts-hover-style-2 box-shadow-1 \">\r\n\t<div class=\"themestek-post-item\">\r\n\t\t<a href=\"https:\/\/www.ocho.pl\/en\/ophthalmologist\/zbigniew-zagorski\/\">\r\n\t\t\t\r\n\t\t<span class=\"themestek-item-thumbnail\">\r\n\t\t\t<span class=\"themestek-item-thumbnail-inner\">\r\n\t\t\t\t<img decoding=\"async\" width=\"600\" height=\"600\" src=\"https:\/\/www.ocho.pl\/wp-content\/uploads\/2022\/01\/Zbigniew-Zagorski-1.jpg\" class=\"attachment-themestek-img-800x800 size-themestek-img-800x800 wp-post-image\" alt=\"\" \/>\r\n\t\t\t<\/span>\r\n\t\t<\/span>\t\t<\/a>\r\n\r\n\t\t<div class=\"themestek-box-content\">\r\n            <div class=\"themestek-box-content-inner\">\r\n\r\n\t\t\t\t<div class=\"themestek-pf-box-title\">\r\n\t\t\t\t\t<div class=\"themestek-box-title\"><h4><a href=\"https:\/\/www.ocho.pl\/en\/ophthalmologist\/zbigniew-zagorski\/\">Professor Zbigniew Zag\u00f3rski, PMD, PhD<\/a><\/h4><\/div>\t\t\t\t<\/div>\r\n\t\t\t\t<div class=\"themestek-box-team-position ts-skincolor\">\r\n\t\t\t\t\tFounder of OCHO Group\t\t\t\t<\/div>\r\n\r\n\t\t\t\t\r\n\t\t\t\t<div class=\"themestek-teambox-social-links\">\r\n\t\t\t\t\t\t\t\t\t<\/div>\r\n\r\n\t\t\t<\/div>\r\n\t\t<\/div>\r\n\t<\/div>\r\n<\/article><\/div><div class=\"ts-box-col-wrapper col-lg-4 col-sm-6 col-md-4 col-xs-12 \"><article class=\"themestek-box themestek-box-team ts-teambox-style-2  ts-hover-style-2 box-shadow-1 \">\r\n\t<div class=\"themestek-post-item\">\r\n\t\t<a href=\"https:\/\/www.ocho.pl\/en\/ophthalmologist\/agnieszka-kudasiewicz-kardaszewska\/\">\r\n\t\t\t\r\n\t\t<span class=\"themestek-item-thumbnail\">\r\n\t\t\t<span class=\"themestek-item-thumbnail-inner\">\r\n\t\t\t\t<img decoding=\"async\" width=\"800\" height=\"800\" src=\"https:\/\/www.ocho.pl\/wp-content\/uploads\/2022\/04\/Agnieszka-Kudasiewicz-Kordaszewska-800x800.jpg\" class=\"attachment-themestek-img-800x800 size-themestek-img-800x800 wp-post-image\" alt=\"\" \/>\r\n\t\t\t<\/span>\r\n\t\t<\/span>\t\t<\/a>\r\n\r\n\t\t<div class=\"themestek-box-content\">\r\n            <div class=\"themestek-box-content-inner\">\r\n\r\n\t\t\t\t<div class=\"themestek-pf-box-title\">\r\n\t\t\t\t\t<div class=\"themestek-box-title\"><h4><a href=\"https:\/\/www.ocho.pl\/en\/ophthalmologist\/agnieszka-kudasiewicz-kardaszewska\/\">Agnieszka Kudasiewicz-Kardaszewska, MD, PhD<\/a><\/h4><\/div>\t\t\t\t<\/div>\r\n\t\t\t\t<div class=\"themestek-box-team-position ts-skincolor\">\r\n\t\t\t\t\tMedical Manager at OCHO Nowy S\u0105cz\t\t\t\t<\/div>\r\n\r\n\t\t\t\t\r\n\t\t\t\t<div class=\"themestek-teambox-social-links\">\r\n\t\t\t\t\t\t\t\t\t<\/div>\r\n\r\n\t\t\t<\/div>\r\n\t\t<\/div>\r\n\t<\/div>\r\n<\/article><\/div><div class=\"ts-box-col-wrapper col-lg-4 col-sm-6 col-md-4 col-xs-12 \"><article class=\"themestek-box themestek-box-team ts-teambox-style-2  ts-hover-style-2 box-shadow-1 \">\r\n\t<div class=\"themestek-post-item\">\r\n\t\t<a href=\"https:\/\/www.ocho.pl\/en\/ophthalmologist\/agnieszka-cwiklinska-haszcz\/\">\r\n\t\t\t\r\n\t\t<span class=\"themestek-item-thumbnail\">\r\n\t\t\t<span class=\"themestek-item-thumbnail-inner\">\r\n\t\t\t\t<img decoding=\"async\" width=\"800\" height=\"800\" src=\"https:\/\/www.ocho.pl\/wp-content\/uploads\/2022\/01\/Agnieszka-Cwiklinska-Haszcz-800x800.jpg\" class=\"attachment-themestek-img-800x800 size-themestek-img-800x800 wp-post-image\" alt=\"\" \/>\r\n\t\t\t<\/span>\r\n\t\t<\/span>\t\t<\/a>\r\n\r\n\t\t<div class=\"themestek-box-content\">\r\n            <div class=\"themestek-box-content-inner\">\r\n\r\n\t\t\t\t<div class=\"themestek-pf-box-title\">\r\n\t\t\t\t\t<div class=\"themestek-box-title\"><h4><a href=\"https:\/\/www.ocho.pl\/en\/ophthalmologist\/agnieszka-cwiklinska-haszcz\/\">Agnieszka \u0106wikli\u0144ska-Haszcz, MD, PhD<\/a><\/h4><\/div>\t\t\t\t<\/div>\r\n\t\t\t\t<div class=\"themestek-box-team-position ts-skincolor\">\r\n\t\t\t\t\tMedical Manager at OCHO Na\u0142\u0119cz\u00f3w, Lublin\t\t\t\t<\/div>\r\n\r\n\t\t\t\t\r\n\t\t\t\t<div class=\"themestek-teambox-social-links\">\r\n\t\t\t\t\t\t\t\t\t<\/div>\r\n\r\n\t\t\t<\/div>\r\n\t\t<\/div>\r\n\t<\/div>\r\n<\/article><\/div><div class=\"ts-box-col-wrapper col-lg-4 col-sm-6 col-md-4 col-xs-12 \"><article class=\"themestek-box themestek-box-team ts-teambox-style-2  ts-hover-style-2 box-shadow-1 \">\r\n\t<div class=\"themestek-post-item\">\r\n\t\t<a href=\"https:\/\/www.ocho.pl\/en\/ophthalmologist\/michal-backo\/\">\r\n\t\t\t\r\n\t\t<span class=\"themestek-item-thumbnail\">\r\n\t\t\t<span class=\"themestek-item-thumbnail-inner\">\r\n\t\t\t\t<img decoding=\"async\" width=\"600\" height=\"600\" src=\"https:\/\/www.ocho.pl\/wp-content\/uploads\/2022\/01\/Michal-Backo.jpg\" class=\"attachment-themestek-img-800x800 size-themestek-img-800x800 wp-post-image\" alt=\"\" \/>\r\n\t\t\t<\/span>\r\n\t\t<\/span>\t\t<\/a>\r\n\r\n\t\t<div class=\"themestek-box-content\">\r\n            <div class=\"themestek-box-content-inner\">\r\n\r\n\t\t\t\t<div class=\"themestek-pf-box-title\">\r\n\t\t\t\t\t<div class=\"themestek-box-title\"><h4><a href=\"https:\/\/www.ocho.pl\/en\/ophthalmologist\/michal-backo\/\">Micha\u0142 Ba\u0107ko, MD<\/a><\/h4><\/div>\t\t\t\t<\/div>\r\n\t\t\t\t<div class=\"themestek-box-team-position ts-skincolor\">\r\n\t\t\t\t\tMedical Manager at OCHO Krak\u00f3w\t\t\t\t<\/div>\r\n\r\n\t\t\t\t\r\n\t\t\t\t<div class=\"themestek-teambox-social-links\">\r\n\t\t\t\t\t\t\t\t\t<\/div>\r\n\r\n\t\t\t<\/div>\r\n\t\t<\/div>\r\n\t<\/div>\r\n<\/article><\/div><div class=\"ts-box-col-wrapper col-lg-4 col-sm-6 col-md-4 col-xs-12 \"><article class=\"themestek-box themestek-box-team ts-teambox-style-2  ts-hover-style-2 box-shadow-1 \">\r\n\t<div class=\"themestek-post-item\">\r\n\t\t<a href=\"https:\/\/www.ocho.pl\/en\/ophthalmologist\/justyna-mazur-samela\/\">\r\n\t\t\t\r\n\t\t<span class=\"themestek-item-thumbnail\">\r\n\t\t\t<span class=\"themestek-item-thumbnail-inner\">\r\n\t\t\t\t<img decoding=\"async\" width=\"800\" height=\"800\" src=\"https:\/\/www.ocho.pl\/wp-content\/uploads\/2024\/07\/lek.-med.-Justyna-Mazur-Samela-.jpg\" class=\"attachment-themestek-img-800x800 size-themestek-img-800x800 wp-post-image\" alt=\"\" \/>\r\n\t\t\t<\/span>\r\n\t\t<\/span>\t\t<\/a>\r\n\r\n\t\t<div class=\"themestek-box-content\">\r\n            <div class=\"themestek-box-content-inner\">\r\n\r\n\t\t\t\t<div class=\"themestek-pf-box-title\">\r\n\t\t\t\t\t<div class=\"themestek-box-title\"><h4><a href=\"https:\/\/www.ocho.pl\/en\/ophthalmologist\/justyna-mazur-samela\/\">Justyna Mazur-Samela, MD<\/a><\/h4><\/div>\t\t\t\t<\/div>\r\n\t\t\t\t<div class=\"themestek-box-team-position ts-skincolor\">\r\n\t\t\t\t\tMedical Manager at OCHO Rzesz\u00f3w\t\t\t\t<\/div>\r\n\r\n\t\t\t\t\r\n\t\t\t\t<div class=\"themestek-teambox-social-links\">\r\n\t\t\t\t\t\t\t\t\t<\/div>\r\n\r\n\t\t\t<\/div>\r\n\t\t<\/div>\r\n\t<\/div>\r\n<\/article><\/div>\r\n\t\t\t<\/div>\r\n\t\t<\/div><!-- .themestek-boxes-inner -->   <\/div><!-- .themestek-boxes -->  [\/vc_column][\/vc_row]<\/p>\n<\/div>","protected":false},"excerpt":{"rendered":"<p>[vc_row][vc_column][\/vc_column][\/vc_row]<\/p>\n","protected":false},"author":1,"featured_media":0,"parent":0,"menu_order":13,"comment_status":"closed","ping_status":"closed","template":"","meta":{"_acf_changed":false,"footnotes":"","_links_to":"","_links_to_target":""},"class_list":["post-13976","page","type-page","status-publish","hentry"],"acf":[],"aioseo_notices":[],"_links":{"self":[{"href":"https:\/\/www.ocho.pl\/en\/wp-json\/wp\/v2\/pages\/13976","targetHints":{"allow":["GET"]}}],"collection":[{"href":"https:\/\/www.ocho.pl\/en\/wp-json\/wp\/v2\/pages"}],"about":[{"href":"https:\/\/www.ocho.pl\/en\/wp-json\/wp\/v2\/types\/page"}],"author":[{"embeddable":true,"href":"https:\/\/www.ocho.pl\/en\/wp-json\/wp\/v2\/users\/1"}],"replies":[{"embeddable":true,"href":"https:\/\/www.ocho.pl\/en\/wp-json\/wp\/v2\/comments?post=13976"}],"version-history":[{"count":7,"href":"https:\/\/www.ocho.pl\/en\/wp-json\/wp\/v2\/pages\/13976\/revisions"}],"predecessor-version":[{"id":16522,"href":"https:\/\/www.ocho.pl\/en\/wp-json\/wp\/v2\/pages\/13976\/revisions\/16522"}],"wp:attachment":[{"href":"https:\/\/www.ocho.pl\/en\/wp-json\/wp\/v2\/media?parent=13976"}],"curies":[{"name":"wp","href":"https:\/\/api.w.org\/{rel}","templated":true}]}}