{"id":13911,"date":"2022-03-27T13:05:50","date_gmt":"2022-03-27T11:05:50","guid":{"rendered":"https:\/\/www.ocho.pl\/treatment\/malignant-and-benign-eyelid-tumours\/"},"modified":"2023-07-13T15:28:07","modified_gmt":"2023-07-13T13:28:07","slug":"malignant-and-benign-eyelid-tumours","status":"publish","type":"page","link":"https:\/\/www.ocho.pl\/en\/treatment\/malignant-and-benign-eyelid-tumours\/","title":{"rendered":"Malignant and benign eyelid tumours"},"content":{"rendered":"<div class=\"wpb-content-wrapper\"><p>[vc_row ts_bgcolor=&#8221;primarydarkgrey&#8221;][vc_column width=&#8221;2\/3&#8243;][vc_empty_space]<h2 style=\"text-align:left;\" class=\"ts-custom-heading \" >What is it?<\/h2>\n[vc_column_text]Eyelids tumours are skin neoplasms, which may be of either benign or malignant nature. Appearance of any tumours on eyelids should be a sign to visit a specialist. One should also not ignore recurrent lesions at the site where treatment had been performed. Malignant nature of skin tumour may be indicated by:[\/vc_column_text][vc_row_inner css=&#8221;.vc_custom_1648411434082{margin-top: -25px !important;}&#8221;][vc_column_inner width=&#8221;1\/3&#8243;]<ul class=\"ts-list ts-list-style-icon ts-list-icon-color-skincolor ts- ts-icon-skincolor ts-list-textsize- ts-list-icon-library-fontawesome\"><li><i class=\"ts-skincolor fa fa-caret-right\"><\/i>  <span class=\"ts-list-li-content\">ulceration,<\/span><\/li><li><i class=\"ts-skincolor fa fa-caret-right\"><\/i>  <span class=\"ts-list-li-content\">bleeding,<\/span><\/li><li><i class=\"ts-skincolor fa fa-caret-right\"><\/i>  <span class=\"ts-list-li-content\">margin elevation showing a pearly appearance,\n<\/span><\/li><\/ul>[\/vc_column_inner][vc_column_inner width=&#8221;1\/3&#8243;]<ul class=\"ts-list ts-list-style-icon ts-list-icon-color-skincolor ts- ts-icon-skincolor ts-list-textsize- ts-list-icon-library-fontawesome\"><li><i class=\"ts-skincolor fa fa-caret-right\"><\/i>  <span class=\"ts-list-li-content\">development of pustules,<\/span><\/li><li><i class=\"ts-skincolor fa fa-caret-right\"><\/i>  <span class=\"ts-list-li-content\">discharge of secretion from the tumour,<\/span><\/li><li><i class=\"ts-skincolor fa fa-caret-right\"><\/i>  <span class=\"ts-list-li-content\">presence of small vessels in the tumour,<\/span><\/li><\/ul>[\/vc_column_inner][vc_column_inner width=&#8221;1\/3&#8243;]<ul class=\"ts-list ts-list-style-icon ts-list-icon-color-skincolor ts- ts-icon-skincolor ts-list-textsize- ts-list-icon-library-fontawesome\"><li><i class=\"ts-skincolor fa fa-caret-right\"><\/i>  <span class=\"ts-list-li-content\">discharge of secretion from the tumour,<\/span><\/li><li><i class=\"ts-skincolor fa fa-caret-right\"><\/i>  <span class=\"ts-list-li-content\">damage of the eye margin by the tumour<\/span><\/li><li><i class=\"ts-skincolor fa fa-caret-right\"><\/i>  <span class=\"ts-list-li-content\">loss of eyelashes in the tumour area.\n<\/span><\/li><\/ul>[\/vc_column_inner][\/vc_row_inner][vc_separator][vc_tta_tabs spacing=&#8221;10&#8243; gap=&#8221;5&#8243; active_section=&#8221;1&#8243;][vc_tta_section title=&#8221;Diagnosis&#8221; tab_id=&#8221;1644692094313-3dae6887-addb6cd8-a2b9&#8243;][vc_column_text]An initial diagnosis is made with the use of a slit lamp. Very often, however, a physical examination is not sufficient to make a final diagnosis, since skin lesions often show similar gross appearance, despite different histopathological structure. For this reason, a biopsy of the lesion is performed. Biopsy with complete lesion resection answers the question about the tumour nature, at the same time removing neoplastic cells. Small tumours located far from the lacrimal point, tumours of the lateral canthus, tumours not covering the margin of eyelids or located in their centre typically qualify for biopsy.[\/vc_column_text][\/vc_tta_section][vc_tta_section title=&#8221;Treatment&#8221; tab_id=&#8221;1644692165969-65dcffa6-95c76cd8-a2b9&#8243;][vc_column_text]Surgical excision is a treatment of choice in any type of basal cell carcinoma, squamous cell carcinoma with precancerous lesions, and melanoma. It ensures the biggest chance of complete recovery and lack of recurrence. It ensures better cosmetic effects and shorter patient convalescence time. The procedure may be conducted in two ways:<\/p>\n<ul>\n<li>removal of tumour and excision of 1-2 mm thick strips from surrounding tissues, which are checked until clear surgical margins, i.e. strips without neoplastic cells, are obtained;<\/li>\n<li>excision of tumour with wide margins of surrounding tissues, which is used when the neoplasm is located in the region of the medial canthus, as well as in the vertical line of the mid portion of the face, where there is the highest risk of deep tissue infiltration.<\/li>\n<\/ul>\n<p>The procedure is followed by reconstruction of the site after tumour removal. The reconstruction should be performed quite soon, but following a histopathological examination to make sure that the neoplasm had been excised in whole. In the case of small defects located in the region of the medial canthus, the tissues may be left for spontaneous healing (granulation), which also gives good cosmetic effects, but requires long months of healing.<br \/>\nWith larger defects, which usually cover a much wider eyelid area than the visible tumour, the reconstruction procedure is necessary. For tissue reconstruction in full thickness eyelid defects, the following principles are applied.<\/p>\n<ul>\n<li>in small defects (up to 1\/3 length of the eyelash margin), a direct, simple tissue suturing is performed;<\/li>\n<li>in larger defects with flaccid skin, lateral ligaments are incised (lateral cantholysis), especially when the defect is located in the central or lateral part of the eyelid.<\/li>\n<li>in large defects, various surgical techniques are combined with performance of e.g. skin flap and free tissue graft. With such procedures, the methods using Tenzel, Mustarde, Hughes or Cutler-Beard bridge flap are recommended. The last two techniques are carried out in two stages. In stage two, after about 3 weeks, the sutured eyelids are released;<\/li>\n<\/ul>\n<p>After the procedure, a dressing and ointments with antibiotic are applied. Skin sutures are removed after 7-10 days, and absorbable sutures are left for spontaneous absorption. Patients with malignant neoplasms require regular check-up examinations for at least 5 years after surgical treatment.[\/vc_column_text][\/vc_tta_section][\/vc_tta_tabs][vc_empty_space][vc_separator]<h2 style=\"text-align:left;\" class=\"ts-custom-heading \" >FAQ<\/h2>\n[vc_tta_accordion active_section=&#8221;111&#8243; collapsible_all=&#8221;true&#8221;][vc_tta_section title=&#8221;What does a basic ophthalmological visit look like and what examinations does it include?&#8221; tab_id=&#8221;1644268721449-dd2519c0-e5246cd8-a2b9&#8243;][vc_column_text]During a basic ophthalmological visit, the patient&#8217;s ophthalmological history is taken, and the following examinations are conducted: autorefraction, keratometry, intraocular pressure measurement, visual acuity examination, slit lamp examination and fundoscopic examination.[\/vc_column_text][\/vc_tta_section][vc_tta_section title=&#8221;Is it possible to have some specialist examinations during a general visit?&#8221; tab_id=&#8221;1644692622466-f410aa56-2b546cd8-a2b9&#8243;][vc_column_text]In most cases, yes. If the doctor decides that some additional examinations are necessary, they may be performed during the visit, or if the doctor does not perform that kind of examinations, the patient is referred to another specialist.[\/vc_column_text][\/vc_tta_section][vc_tta_section title=&#8221;How long does a general ophthalmological visit last?&#8221; tab_id=&#8221;1644692659053-8cb8d593-8ac46cd8-a2b9&#8243;][vc_column_text]An ophthalmological visit with performance of basic examinations lasts about 20 minutes. In some Centres, the examinations being part of the visit are performed by auxiliary personnel in the examination room. These activities are also included in the time of the basic visit.[\/vc_column_text][\/vc_tta_section][vc_tta_section title=&#8221;Should I remove contact lenses before the visit?&#8221; tab_id=&#8221;1644692685030-e9353230-c2066cd8-a2b9&#8243;][vc_column_text]Yes, it is recommended that contact lenses be removed before the visit. The patient should bring the lenses to the visit, since the doctor may ask the patient to insert them.[\/vc_column_text][\/vc_tta_section][vc_tta_section title=&#8221;What is the cost of a general visit?&#8221; tab_id=&#8221;1644692713451-b2ddb34d-84856cd8-a2b9&#8243;][vc_column_text]The cost of a visit is as per the price list on our website.[\/vc_column_text][\/vc_tta_section][vc_tta_section title=&#8221;What is the waiting time for a private and health fund visit?&#8221; tab_id=&#8221;1644692743068-0f7c388b-1f3f6cd8-a2b9&#8243;][vc_column_text]The waiting time for a private visit is up to a week. This time may be longer if the patient wants to see a particular specialist. The waiting time for a National Health Fund visit is according to the waiting list. Please call or e-mail us to appoint a specific date.[\/vc_column_text][\/vc_tta_section][vc_tta_section title=&#8221;Can I receive a prescription for glasses\/select contact lenses during a general visit?&#8221; tab_id=&#8221;1644692769602-d646f13b-93216cd8-a2b9&#8243;][vc_column_text]Yes, but you should inform the doctor that you would like to select glasses or lenses at the beginning of the visit.[\/vc_column_text][\/vc_tta_section][vc_tta_section title=&#8221;Should I apply eye drops which I normally use, on the day of the visit? (lubricating, anti-glaucoma, artificial tears, etc.)&#8221; tab_id=&#8221;1644692792739-716d54de-b7b46cd8-a2b9&#8243;][vc_column_text]Yes, you should normally apply your eye drops.[\/vc_column_text][\/vc_tta_section][vc_tta_section title=&#8221;Do I need special preparation for the visit?&#8221; tab_id=&#8221;1644692817901-4b503936-872b6cd8-a2b9&#8243;][vc_column_text]An ophthalmological visit does not require special preparation. If this is your first visit at the centre, you should have the identity card, which is necessary to create a patient record. Also remember that in most cases it is not allowed to drive a car after an ophthalmological visit.[\/vc_column_text][\/vc_tta_section][vc_tta_section title=&#8221;Should I take my medical documentation from previous treatment (e.g. from another institution) to the ophthalmological visit?&#8221; tab_id=&#8221;1644692845063-ea598f68-fd156cd8-a2b9&#8243;][vc_column_text]During the first visit, the doctor takes the patient\u2019s ophthalmological history. If the patient has any ophthalmological documentation from other institutions, it is worth taking it to the visit.[\/vc_column_text][\/vc_tta_section][vc_tta_section title=&#8221;Should I take my glasses to the ophthalmological visit?&#8221; tab_id=&#8221;1644692873560-c2899a40-27bc6cd8-a2b9&#8243;][vc_column_text]Yes.[\/vc_column_text][\/vc_tta_section][vc_tta_section title=&#8221;Can I return to work\/school after the ophthalmological visit?&#8221; tab_id=&#8221;1644692895406-c2ff6a96-74786cd8-a2b9&#8243;][vc_column_text]You can return to work\/school after the ophthalmological visit, but please remember that if you received eye drops at the visit, your vision may be disturbed and blurred for about 2-3 hours.[\/vc_column_text][\/vc_tta_section][vc_tta_section title=&#8221;How often should I have ophthalmological check-ups?&#8221; tab_id=&#8221;1644692924263-b4730240-e26a6cd8-a2b9&#8243;][vc_column_text]Ophthalmological check-ups is an individual matter. The doctor usually informs the patient during the visit when he\/she should return. Patients over 50 should have a check-up at least once a year.[\/vc_column_text][\/vc_tta_section][vc_tta_section title=&#8221;Can I drive a car after the visit?&#8221; tab_id=&#8221;1644692949661-18c65c26-02a66cd8-a2b9&#8243;][vc_column_text]If you received pupil-dilating drops at the visit, you must NOT drive a car directly after the visit. You should wait for about 2-3 hours.[\/vc_column_text][\/vc_tta_section][\/vc_tta_accordion][\/vc_column][vc_column width=&#8221;1\/3&#8243;][vc_empty_space][vc_row_inner equal_height=&#8221;yes&#8221; el_class=&#8221;ts-discount-box osrodki&#8221;][vc_column_inner]<div class=\"ts-vc_icon_element ts-vc_icon_element-outer ts-vc_icon_element-align-center  ts-vc_icon_element-have-style vc_custom_1646823477191\"><div class=\"ts-vc_icon_element-inner  ts-vc_icon_element-have-style-inner ts-vc_icon_element-color-white ts-vc_icon_element-size-lg ts-vc_icon_element-style-rounded ts-vc_icon_element-background ts-vc_icon_element-background-color-custom\"  style=\"background-color:#325575\"><span class=\"ts-vc_icon_element-icon tsoptmicon flaticon-eye\" ><\/span><\/div><\/div><h4 style=\"text-align:center;font-size:25px;line-height:35px;color:#325575;font-family:'Montserrat',Arial,Helvetica;font-weight:700;\" class=\"ts-custom-heading \" >Malignant and benign eyelid tumours<\/h4>\n<h6 style=\"text-align:center;color:#ffffff;font-family:'Montserrat',Arial,Helvetica;font-weight:700;\" class=\"ts-custom-heading \" >price from<\/h6>\n<h3 style=\"text-align:center;font-size:50px;line-height:60px;color:#ffffff;font-family:'Montserrat',Arial,Helvetica;font-weight:700;\" class=\"ts-custom-heading ts-skincolor vc_custom_1651532870583\" >1 600 PLN<\/h3>\n[vc_empty_space][\/vc_column_inner][\/vc_row_inner][vc_empty_space][vc_row_inner equal_height=&#8221;yes&#8221; el_class=&#8221;ts-discount-box osrodki&#8221;][vc_column_inner]<h4 style=\"text-align:center;font-size:22px;line-height:32px;color:#325575;font-family:'Montserrat',Arial,Helvetica;font-weight:700;\" class=\"ts-custom-heading vc_custom_1646823939867\" >Available at:<\/h4>\n[vc_empty_space height=&#8221;20px&#8221;]\r\n\t\t<div class=\"ts-vc_btn3-container  btnosr ts-vc_btn3-left\"><a class=\"ts-vc_general ts-vc_btn3 ts-vc_btn3-size-lg ts-vc_btn3-shape-rounded ts-vc_btn3-style-flat ts-vc_btn3-weight-no ts-vc_btn3-icon-left ts-vc_btn3-color-blue\" href=\"https:\/\/www.ocho.pl\/en\/eye-surgery-centres\/krakow\/\" title=\"Eye Surgery Centre in Krak\u00f3w\"><i class=\"ts-vc_btn3-icon tsoptmicon flaticon-optometrist-10\"><\/i> <strong>KRAK\u00d3W<\/strong><br \/>\nEye Surgery Centre<\/a><\/div>\r\n\t\t<div class=\"ts-vc_btn3-container  btnosr ts-vc_btn3-left\"><a class=\"ts-vc_general ts-vc_btn3 ts-vc_btn3-size-lg ts-vc_btn3-shape-rounded ts-vc_btn3-style-flat ts-vc_btn3-weight-no ts-vc_btn3-icon-left ts-vc_btn3-color-blue\" href=\"https:\/\/www.ocho.pl\/en\/ophthalmology-offices\/lublin\/\" title=\"Ophthalmology Offices in Lublin\"><i class=\"ts-vc_btn3-icon tsoptmicon flaticon-optometrist-14\"><\/i> <strong>LUBLIN<\/strong><br \/>\nOphthalmology Offices<\/a><\/div>\r\n\t\t<div class=\"ts-vc_btn3-container  btnosr ts-vc_btn3-left\"><a class=\"ts-vc_general ts-vc_btn3 ts-vc_btn3-size-lg ts-vc_btn3-shape-rounded ts-vc_btn3-style-flat ts-vc_btn3-weight-no ts-vc_btn3-icon-left ts-vc_btn3-color-blue\" href=\"https:\/\/www.ocho.pl\/en\/eye-surgery-centres\/naleczow\/\" title=\"Eye Surgery Centre in Na\u0142\u0119cz\u00f3w\"><i class=\"ts-vc_btn3-icon tsoptmicon flaticon-eye-1\"><\/i> <strong>NA\u0141\u0118CZ\u00d3W<\/strong><br \/>\nEye Surgery Centre<\/a><\/div>\r\n\t\t<div class=\"ts-vc_btn3-container  btnosr ts-vc_btn3-left\"><a class=\"ts-vc_general ts-vc_btn3 ts-vc_btn3-size-lg ts-vc_btn3-shape-rounded ts-vc_btn3-style-flat ts-vc_btn3-weight-no ts-vc_btn3-icon-left ts-vc_btn3-color-blue\" href=\"https:\/\/www.ocho.pl\/en\/eye-surgery-centres\/nowy-sacz\/\" title=\"Eye Surgery Centre in Nowy S\u0105cz\"><i class=\"ts-vc_btn3-icon tsoptmicon flaticon-optometrist-11\"><\/i> <strong>NOWY S\u0104CZ<\/strong><br \/>\nEye Surgery Centre<\/a><\/div>\r\n\t\t<div class=\"ts-vc_btn3-container  btnosr ts-vc_btn3-left\"><a class=\"ts-vc_general ts-vc_btn3 ts-vc_btn3-size-lg ts-vc_btn3-shape-rounded ts-vc_btn3-style-flat ts-vc_btn3-weight-no ts-vc_btn3-icon-left ts-vc_btn3-color-blue\" href=\"https:\/\/www.ocho.pl\/en\/eye-surgery-centres\/eye-surgery-centre-in-rzeszow\/\" title=\"Eye Surgery Centre in Rzesz\u00f3w\"><i class=\"ts-vc_btn3-icon tsoptmicon flaticon-optometrist-1\"><\/i> <strong>RZESZ\u00d3W<\/strong><br \/>\nEye Surgery Centre<\/a><\/div>\r\n\t\t<div class=\"ts-vc_btn3-container  btnosr ts-vc_btn3-left\"><a class=\"ts-vc_general ts-vc_btn3 ts-vc_btn3-size-lg ts-vc_btn3-shape-rounded ts-vc_btn3-style-flat ts-vc_btn3-weight-no ts-vc_btn3-icon-left ts-vc_btn3-color-blue\" href=\"https:\/\/www.ocho.pl\/en\/ophthalmology-offices\/zwolen\/\" title=\"Ophthalmological office in Zwole\u0144\"><i class=\"ts-vc_btn3-icon tsoptmicon flaticon-desk\"><\/i> <strong>ZWOLE\u0143<\/strong><br \/>\nOphthalmological office<\/a><\/div>[\/vc_column_inner][\/vc_row_inner][vc_empty_space][\/vc_column][\/vc_row][vc_row ts_bgcolor=&#8221;primarydarkgrey&#8221;][vc_column width=&#8221;2\/3&#8243;][\/vc_column][vc_column width=&#8221;1\/3&#8243;][vc_empty_space][\/vc_column][\/vc_row]<\/p>\n<\/div>","protected":false},"excerpt":{"rendered":"<p>[vc_row ts_bgcolor=&#8221;primarydarkgrey&#8221;][vc_column width=&#8221;2\/3&#8243;][vc_empty_space][vc_column_text]Eyelids tumours are skin neoplasms, which may be of either benign or malignant nature. Appearance of any tumours on eyelids should be a sign to visit a specialist. One should also not ignore recurrent lesions at the site where treatment had been performed. Malignant nature of skin tumour may be indicated by:[\/vc_column_text][vc_row_inner css=&#8221;.vc_custom_1648411434082{margin-top: &hellip; <a href=\"https:\/\/www.ocho.pl\/en\/treatment\/malignant-and-benign-eyelid-tumours\/\" class=\"more-link\">Continue reading <span class=\"screen-reader-text\">Malignant and benign eyelid tumours<\/span><\/a><\/p>\n","protected":false},"author":1,"featured_media":0,"parent":13749,"menu_order":0,"comment_status":"closed","ping_status":"closed","template":"","meta":{"_acf_changed":false,"footnotes":"","_links_to":"","_links_to_target":""},"class_list":["post-13911","page","type-page","status-publish","hentry"],"acf":[],"aioseo_notices":[],"_links":{"self":[{"href":"https:\/\/www.ocho.pl\/en\/wp-json\/wp\/v2\/pages\/13911","targetHints":{"allow":["GET"]}}],"collection":[{"href":"https:\/\/www.ocho.pl\/en\/wp-json\/wp\/v2\/pages"}],"about":[{"href":"https:\/\/www.ocho.pl\/en\/wp-json\/wp\/v2\/types\/page"}],"author":[{"embeddable":true,"href":"https:\/\/www.ocho.pl\/en\/wp-json\/wp\/v2\/users\/1"}],"replies":[{"embeddable":true,"href":"https:\/\/www.ocho.pl\/en\/wp-json\/wp\/v2\/comments?post=13911"}],"version-history":[{"count":5,"href":"https:\/\/www.ocho.pl\/en\/wp-json\/wp\/v2\/pages\/13911\/revisions"}],"predecessor-version":[{"id":13915,"href":"https:\/\/www.ocho.pl\/en\/wp-json\/wp\/v2\/pages\/13911\/revisions\/13915"}],"up":[{"embeddable":true,"href":"https:\/\/www.ocho.pl\/en\/wp-json\/wp\/v2\/pages\/13749"}],"wp:attachment":[{"href":"https:\/\/www.ocho.pl\/en\/wp-json\/wp\/v2\/media?parent=13911"}],"curies":[{"name":"wp","href":"https:\/\/api.w.org\/{rel}","templated":true}]}}