{"id":13846,"date":"2022-03-26T09:19:38","date_gmt":"2022-03-26T08:19:38","guid":{"rendered":"https:\/\/www.ocho.pl\/treatment\/entropion\/"},"modified":"2023-07-13T15:26:37","modified_gmt":"2023-07-13T13:26:37","slug":"entropion","status":"publish","type":"page","link":"https:\/\/www.ocho.pl\/en\/treatment\/entropion\/","title":{"rendered":"Entropion"},"content":{"rendered":"<div class=\"wpb-content-wrapper\"><p>[vc_row ts_bgcolor=&#8221;primarydarkgrey&#8221;][vc_column width=&#8221;2\/3&#8243;][vc_empty_space]<h2 style=\"text-align:left;\" class=\"ts-custom-heading \" >What is entropion?<\/h2>\n[vc_column_text]Entropion is a condition in which the eyelid (usually the lower lid) folds inwards. A consequence of entropion is continuous irritation of the conjunctiva and cornea by abnormally arranged eyelashes, eye pain, inflammation, excessive lacrimation and deterioration of visual acuity. Prolonged entropion leads to corneal ulceration and degenerative changes.[\/vc_column_text][vc_separator][vc_tta_tabs spacing=&#8221;10&#8243; gap=&#8221;5&#8243; active_section=&#8221;1&#8243;][vc_tta_section title=&#8221;Causes&#8221; tab_id=&#8221;1644692094313-3dae6887-addb&#8221;][vc_column_text]The most common cause is eye ageing, which makes the palpebral ligaments get flabby, and the orbicularis oculi muscle bulges anteriorly. A less frequent cause is scarring after an injury, burning or surgical procedure. Entropion may also be a congenital anomaly.[\/vc_column_text][\/vc_tta_section][vc_tta_section title=&#8221;Treatment&#8221; tab_id=&#8221;1644692165969-65dcffa6-95c7&#8243;][vc_column_text]This condition is treated by surgery. Qualification for the surgical procedure involves assessment of the degree of the eyelid folding and of the flaccidity of palpebral ligaments. On this basis, the method of repair is selected. Acute symptoms related to direct eye irritation by the eyelashes may be mitigated until the time of the surgery with appropriate ointments, lubricating and protective agents and\/or by application of therapeutic contact lenses. In the case of mild entropion without ligament flaccidity, so called transverse inverted sutures may be applied; they are absorbable and do not require removal. The effect of such procedure, however, is not long lasting. In other cases, surgical procedures are used:<\/p>\n<ul>\n<li>by Wies method, involving a full thickness eyelid incision and rotation with the use of inverted sutures;<\/li>\n<li>by Quckert method, which combines inversion and shortening of the eyelids, and corrects the horizontal eyelid flaccidity; this procedure is the most time consuming, but its effect are long lasting.<\/li>\n<\/ul>\n<p>After the procedure, a dressing and ointments with antibiotic are applied. Skin sutures are removed after 7-10 days, and absorbable sutures are left for spontaneous absorption.[\/vc_column_text][\/vc_tta_section][\/vc_tta_tabs][vc_empty_space][vc_separator]<h2 style=\"text-align:left;\" class=\"ts-custom-heading \" >FAQ<\/h2>\n[vc_tta_accordion active_section=&#8221;111&#8243; collapsible_all=&#8221;true&#8221;][vc_tta_section title=&#8221;How long is the waiting period for entropion repair?&#8221; tab_id=&#8221;1644692949661-18c65c26-02a6&#8243;][vc_column_text]Entropion results from weakening of the palpebral ligament tension and gradual regression of the lower lid tissues. It may also result from an injury, inflammation or a surgical procedure. It involves inward folding of the eyelid margin towards the eyeball, resulting in corneal irritation with the eyelashes. It is painful and problematic for the patient; therefore, the procedures are usually treated as urgent. Predicted waiting time for urgent cases is about 5 weeks. For stable cases, this would be 12 weeks.[\/vc_column_text][\/vc_tta_section][vc_tta_section title=&#8221;Is it necessary to stay in hospital after the procedure?&#8221; tab_id=&#8221;1652034464368-42f1e13c-41a5&#8243;][vc_column_text]Eyelid plastic surgeries are performed at OCHO under local anaesthesia as one-day procedure. The patient stays at the Centre in relation to the procedure for up to 3 hours. After he\/she receives a hospital discharge summary, the patient may leave the hospital.[\/vc_column_text][\/vc_tta_section][vc_tta_section title=&#8221;Can I drive a car after the plastic surgery?&#8221; tab_id=&#8221;1652034495855-4f296c6a-8cb8&#8243;][vc_column_text]After the plastic surgery, dressings are applied on the eyelids, so you should not drive a car.[\/vc_column_text][\/vc_tta_section][\/vc_tta_accordion][\/vc_column][vc_column width=&#8221;1\/3&#8243;][vc_empty_space][vc_row_inner equal_height=&#8221;yes&#8221; el_class=&#8221;ts-discount-box osrodki&#8221;][vc_column_inner]<div class=\"ts-vc_icon_element ts-vc_icon_element-outer ts-vc_icon_element-align-center  ts-vc_icon_element-have-style vc_custom_1646823477191\"><div class=\"ts-vc_icon_element-inner  ts-vc_icon_element-have-style-inner ts-vc_icon_element-color-white ts-vc_icon_element-size-lg ts-vc_icon_element-style-rounded ts-vc_icon_element-background ts-vc_icon_element-background-color-custom\"  style=\"background-color:#325575\"><span class=\"ts-vc_icon_element-icon tsoptmicon flaticon-eye\" ><\/span><\/div><\/div><h4 style=\"text-align:center;font-size:25px;line-height:35px;color:#325575;font-family:'Montserrat',Arial,Helvetica;font-weight:700;\" class=\"ts-custom-heading \" >Entropion<\/h4>\n<h6 style=\"text-align:center;color:#ffffff;font-family:'Montserrat',Arial,Helvetica;font-weight:700;\" class=\"ts-custom-heading \" >price from<\/h6>\n<h3 style=\"text-align:center;font-size:50px;line-height:60px;color:#ffffff;font-family:'Montserrat',Arial,Helvetica;font-weight:700;\" class=\"ts-custom-heading ts-skincolor vc_custom_1651531283856\" >1300 PLN<\/h3>\n[vc_empty_space][\/vc_column_inner][\/vc_row_inner][vc_empty_space][vc_row_inner equal_height=&#8221;yes&#8221; el_class=&#8221;ts-discount-box osrodki&#8221;][vc_column_inner]<h4 style=\"text-align:center;font-size:22px;line-height:32px;color:#325575;font-family:'Montserrat',Arial,Helvetica;font-weight:700;\" class=\"ts-custom-heading vc_custom_1646823939867\" >Available at:<\/h4>\n[vc_empty_space height=&#8221;20px&#8221;]\r\n\t\t<div class=\"ts-vc_btn3-container  btnosr ts-vc_btn3-left\"><a class=\"ts-vc_general ts-vc_btn3 ts-vc_btn3-size-lg ts-vc_btn3-shape-rounded ts-vc_btn3-style-flat ts-vc_btn3-weight-no ts-vc_btn3-icon-left ts-vc_btn3-color-blue\" href=\"https:\/\/www.ocho.pl\/en\/eye-surgery-centres\/krakow\/\" title=\"Eye Surgery Centre in Krak\u00f3w\"><i class=\"ts-vc_btn3-icon tsoptmicon flaticon-optometrist-10\"><\/i> <strong>KRAK\u00d3W<\/strong><br \/>\nEye Surgery Centre<\/a><\/div>\r\n\t\t<div class=\"ts-vc_btn3-container  btnosr ts-vc_btn3-left\"><a class=\"ts-vc_general ts-vc_btn3 ts-vc_btn3-size-lg ts-vc_btn3-shape-rounded ts-vc_btn3-style-flat ts-vc_btn3-weight-no ts-vc_btn3-icon-left ts-vc_btn3-color-blue\" href=\"https:\/\/www.ocho.pl\/en\/eye-surgery-centres\/naleczow\/\" title=\"Eye Surgery Centre in Na\u0142\u0119cz\u00f3w\"><i class=\"ts-vc_btn3-icon tsoptmicon flaticon-eye-1\"><\/i> <strong>NA\u0141\u0118CZ\u00d3W<\/strong><br \/>\nEye Surgery Centre<\/a><\/div>\r\n\t\t<div class=\"ts-vc_btn3-container  btnosr ts-vc_btn3-left\"><a class=\"ts-vc_general ts-vc_btn3 ts-vc_btn3-size-lg ts-vc_btn3-shape-rounded ts-vc_btn3-style-flat ts-vc_btn3-weight-no ts-vc_btn3-icon-left ts-vc_btn3-color-blue\" href=\"https:\/\/www.ocho.pl\/en\/eye-surgery-centres\/nowy-sacz\/\" title=\"Eye Surgery Centre in Nowy S\u0105cz\"><i class=\"ts-vc_btn3-icon tsoptmicon flaticon-optometrist-11\"><\/i> <strong>NOWY S\u0104CZ<\/strong><br \/>\nEye Surgery Centre<\/a><\/div>\r\n\t\t<div class=\"ts-vc_btn3-container  btnosr ts-vc_btn3-left\"><a class=\"ts-vc_general ts-vc_btn3 ts-vc_btn3-size-lg ts-vc_btn3-shape-rounded ts-vc_btn3-style-flat ts-vc_btn3-weight-no ts-vc_btn3-icon-left ts-vc_btn3-color-blue\" href=\"https:\/\/www.ocho.pl\/en\/eye-surgery-centres\/eye-surgery-centre-in-rzeszow\/\" title=\"Eye Surgery Centre in Rzesz\u00f3w\"><i class=\"ts-vc_btn3-icon tsoptmicon flaticon-optometrist-1\"><\/i> <strong>RZESZ\u00d3W<\/strong><br \/>\nEye Surgery Centre<\/a><\/div>[\/vc_column_inner][\/vc_row_inner][vc_empty_space][\/vc_column][\/vc_row]<\/p>\n<\/div>","protected":false},"excerpt":{"rendered":"<p>[vc_row ts_bgcolor=&#8221;primarydarkgrey&#8221;][vc_column width=&#8221;2\/3&#8243;][vc_empty_space][vc_column_text]Entropion is a condition in which the eyelid (usually the lower lid) folds inwards. A consequence of entropion is continuous irritation of the conjunctiva and cornea by abnormally arranged eyelashes, eye pain, inflammation, excessive lacrimation and deterioration of visual acuity. Prolonged entropion leads to corneal ulceration and degenerative changes.[\/vc_column_text][vc_separator][vc_tta_tabs spacing=&#8221;10&#8243; gap=&#8221;5&#8243; active_section=&#8221;1&#8243;][vc_tta_section title=&#8221;Causes&#8221; &hellip; <a href=\"https:\/\/www.ocho.pl\/en\/treatment\/entropion\/\" class=\"more-link\">Continue reading <span class=\"screen-reader-text\">Entropion<\/span><\/a><\/p>\n","protected":false},"author":1,"featured_media":0,"parent":13749,"menu_order":0,"comment_status":"closed","ping_status":"closed","template":"","meta":{"_acf_changed":false,"footnotes":"","_links_to":"","_links_to_target":""},"class_list":["post-13846","page","type-page","status-publish","hentry"],"acf":[],"aioseo_notices":[],"_links":{"self":[{"href":"https:\/\/www.ocho.pl\/en\/wp-json\/wp\/v2\/pages\/13846","targetHints":{"allow":["GET"]}}],"collection":[{"href":"https:\/\/www.ocho.pl\/en\/wp-json\/wp\/v2\/pages"}],"about":[{"href":"https:\/\/www.ocho.pl\/en\/wp-json\/wp\/v2\/types\/page"}],"author":[{"embeddable":true,"href":"https:\/\/www.ocho.pl\/en\/wp-json\/wp\/v2\/users\/1"}],"replies":[{"embeddable":true,"href":"https:\/\/www.ocho.pl\/en\/wp-json\/wp\/v2\/comments?post=13846"}],"version-history":[{"count":3,"href":"https:\/\/www.ocho.pl\/en\/wp-json\/wp\/v2\/pages\/13846\/revisions"}],"predecessor-version":[{"id":13849,"href":"https:\/\/www.ocho.pl\/en\/wp-json\/wp\/v2\/pages\/13846\/revisions\/13849"}],"up":[{"embeddable":true,"href":"https:\/\/www.ocho.pl\/en\/wp-json\/wp\/v2\/pages\/13749"}],"wp:attachment":[{"href":"https:\/\/www.ocho.pl\/en\/wp-json\/wp\/v2\/media?parent=13846"}],"curies":[{"name":"wp","href":"https:\/\/api.w.org\/{rel}","templated":true}]}}