{"id":13795,"date":"2022-03-16T16:36:21","date_gmt":"2022-03-16T15:36:21","guid":{"rendered":"https:\/\/www.ocho.pl\/treatment\/glaucoma\/"},"modified":"2023-07-13T15:27:19","modified_gmt":"2023-07-13T13:27:19","slug":"glaucoma","status":"publish","type":"page","link":"https:\/\/www.ocho.pl\/en\/treatment\/glaucoma\/","title":{"rendered":"Glaucoma"},"content":{"rendered":"<div class=\"wpb-content-wrapper\"><p>[vc_row ts_bgcolor=&#8221;primarydarkgrey&#8221;][vc_column width=&#8221;2\/3&#8243;][vc_empty_space]<h2 style=\"text-align:left;\" class=\"ts-custom-heading \" >What is glaucoma?<\/h2>\n[vc_column_text]Glaucoma is a progressive disease of the optic nerve leading to irreversible vision impairment. We distinguish two major types of glaucoma:<\/p>\n<ul>\n<li>open-angle,<\/li>\n<li>closed-angle glaucoma.<\/li>\n<\/ul>\n<p>Very rarely, some specific types of glaucoma may occur, such as congenital, childhood, or juvenile glaucoma. Glaucoma may be sometimes associated with the occurrence of other ocular disorders, such as pseudoexfoliation glaucoma (PEX) or pigmentary dispersion syndrome (pigmentary glaucoma). Untreated or poorly treated glaucoma may, and unfortunately often does, lead to blindness.[\/vc_column_text][vc_separator][vc_tta_tabs spacing=&#8221;10&#8243; gap=&#8221;5&#8243; active_section=&#8221;1&#8243; css=&#8221;.vc_custom_1663083494568{padding-top: 12px !important;}&#8221;][vc_tta_section title=&#8221;Signs and symptoms of glaucoma&#8221; tab_id=&#8221;1644692094313-3dae6887-addb&#8221;][vc_column_text]The course of the disease is highly varied. It sometimes develops very slowly and insidiously over many years, in a way unnoticeable and painless for the subject, damaging the optic nerve. If the problem concerns one eye, the patient may in fact fail to notice the loss of vision in this eye, which is accidentally discovered by covering the healthy eye or during an ophthalmological examination. Sometimes the patient loses vision due to glaucoma within a few months, and sometimes he ends up at an ophthalmologist with strong symptoms of so called glaucoma attack, or severe pain in the eye, headache, eye redness, lacrimation, nausea or even vomiting, vision deterioration, or a phenomenon of rainbow-coloured circles. These symptoms are associated with the closure of the iridocorneal angle and sudden increase of pressure in the eye.[\/vc_column_text][\/vc_tta_section][vc_tta_section title=&#8221;Diagnosis of glaucoma&#8221; tab_id=&#8221;1644692094343-8584efee-db38&#8243;][vc_column_text]The only method to detect glaucoma is regular ophthalmological testing, especially in subjects with a positive family history. During a routine ophthalmological examination, the ophthalmologist checks intraocular pressure, which is the primary risk factor for the development of glaucoma, and the only one which may be treated. In the course of the examination, the ophthalmologist assesses the eye anatomy, iridocorneal angle, and the appearance of the optic disc. In order to detect and monitor glaucoma, the patient should also regularly undergo other tests, e.g. <a href=\"\/?page_id=13635\">examination of the visual field<\/a> and examinations imaging the optic nerve, like <a href=\"\/?page_id=13503\">OCT<\/a>, <a href=\"\/?page_id=13599\">HRT<\/a> or Gdx.[\/vc_column_text][\/vc_tta_section][vc_tta_section title=&#8221;Methods of treatment&#8221; tab_id=&#8221;1644692165969-65dcffa6-95c7&#8243;][vc_column_text]The treatment of glaucoma includes pharmacotherapy, laser treatment and surgical procedures whose purpose is to reduce the intraocular pressure. Therapy starts with pharmacological and laser treatment. In cases of advanced and progressive glaucoma, despite the above treatment, surgical treatment is introduced. These methods are also used with so called normal tension glaucoma, when a typical injury of the optic nerve develops despite normal intraocular pressure.<\/p>\n<h3><strong>Laser treatment<\/strong><\/h3>\n<p>Currently, laser treatment is more and more often proposed as first line therapy, also for ocular hypertension. After the procedure, the patient should use anti-inflammatory drugs for a few days, but may return to his\/her regular activity already on the next day. Laser treatment is also used when it is not possible to control the intraocular pressure with the use of medications.<\/p>\n<h3><strong>Selective laser trabeculoplasty (SLT) with the use of Nd:YAG laser<\/strong><\/h3>\n<p>It is a safe, quick and little invasive method. It is effective in cases of open-angle glaucoma, pigmentary glaucoma, pseudoexfoliation glaucoma (PEX), as well as after other ophthalmological procedures. The procedure is performed within the iridocorneal angle, and a minimal tissue damage occurs during the procedure. It is usually carried out during a single session. The average effect is up to 30% reduction in IOP, and the effect lasts for up to 1-5 years. A very important advantage of SLT is that it may be repeated, so it has become widely used in recent years. An older alternative for SLT is classic laser trabeculoplasty with the use of argon laser (ALT), but due to tissue damage, it may be used only twice in the eye.<\/p>\n<h3><strong>Nd:YAG laser iridotomy<\/strong><\/h3>\n<p>It is used in the case of closed, or narrow but in danger of closure, angle and in acute glaucoma attack. It involves formation of an opening in the peripheral part of the iris. It is usually performed only once. Iridotomy, similarly to other laser procedures, involves a risk of transient increase in the intraocular pressure and transient inflammation, which is a response to the procedure. It may also involve bleeding into the anterior eye chamber.<\/p>\n<h3><strong>Trabeculectomy<\/strong><\/h3>\n<p>This procedure is a gold standard in surgical treatment of glaucoma. The surgery is offered to patients for whom other treatment methods are ineffective, when the disease is progressing, or when it is very advanced at the time of diagnosis. The procedure involves formation of a new aqueous drainage system from the anterior eye chamber down the conjunctiva, which is supposed to reduce the intraocular pressure. After the surgery, a so called filtering bleb is formed. Other anti-glaucoma procedures include sclerotomy, canaloplasty and procedures with the use of implants, e.g. Ahmed implant. The purpose of all these surgeries is reduction of the intraocular pressure and inhibition of the disease development, not vision improvement.[\/vc_column_text][\/vc_tta_section][\/vc_tta_tabs][vc_separator]<h2 style=\"text-align:left;\" class=\"ts-custom-heading \" >Innovative laser only at OCHO!<\/h2>\n[vc_column_text]In July 2017, we introduced at our Centres the first in Poland Cyclo G6 laser from an American company IRIDEX, for permanent use in the novel treatment of glaucoma by micropulse cyclophotocoagulation. The procedure is very safe and effective ? about 70% efficacy after the first procedure and almost 90% after another one. It is recommended for all types of glaucoma, both those resistant to treatment with other methods, and those requiring the use of a lot of drops or a surgical procedure.[\/vc_column_text][vc_separator]<h2 style=\"text-align:left;\" class=\"ts-custom-heading \" >FAQ<\/h2>\n[vc_tta_accordion active_section=&#8221;111&#8243; collapsible_all=&#8221;true&#8221;][vc_tta_section title=&#8221;What does a basic ophthalmological visit look like and what examinations does it include?&#8221; tab_id=&#8221;1644268721449-dd2519c0-e524&#8243;][vc_column_text]During a basic ophthalmological visit, the patient&#8217;s ophthalmological history is taken, and the following examinations are conducted: autorefraction, keratometry, intraocular pressure measurement, visual acuity examination, slit lamp examination and fundoscopic examination.[\/vc_column_text][\/vc_tta_section][vc_tta_section title=&#8221;Is it possible to have some specialist examinations during a general visit?&#8221; tab_id=&#8221;1644692622466-f410aa56-2b54&#8243;][vc_column_text]In most cases, yes. If the doctor decides that some additional examinations are necessary, they may be performed during the visit, or if the doctor does not perform that kind of examinations, the patient is referred to another specialist.[\/vc_column_text][\/vc_tta_section][vc_tta_section title=&#8221;How long does a general ophthalmological visit last?&#8221; tab_id=&#8221;1644692659053-8cb8d593-8ac4&#8243;][vc_column_text]An ophthalmological visit with performance of basic examinations lasts about 20 minutes. In some Centres, the examinations being part of the visit are performed by auxiliary personnel in the examination room. These activities are also included in the time of the basic visit.[\/vc_column_text][\/vc_tta_section][vc_tta_section title=&#8221;Should I remove contact lenses before the visit?&#8221; tab_id=&#8221;1644692685030-e9353230-c206&#8243;][vc_column_text]Yes, it is recommended that contact lenses be removed before the visit. The patient should bring the lenses to the visit, since the doctor may ask the patient to insert them.[\/vc_column_text][\/vc_tta_section][vc_tta_section title=&#8221;What is the cost of a general visit?&#8221; tab_id=&#8221;1644692713451-b2ddb34d-8485&#8243;][vc_column_text]The cost of a visit is as per the price list on our website.[\/vc_column_text][\/vc_tta_section][vc_tta_section title=&#8221;What is the waiting time for a private and health fund visit?&#8221; tab_id=&#8221;1644692743068-0f7c388b-1f3f&#8221;][vc_column_text]The waiting time for a private visit is up to a week. This time may be longer if the patient wants to see a particular specialist. The waiting time for a National Health Fund visit is according to the waiting list. Please call or e-mail us to appoint a specific date.[\/vc_column_text][\/vc_tta_section][vc_tta_section title=&#8221;Can I receive a prescription for glasses\/select contact lenses during a general visit?&#8221; tab_id=&#8221;1644692769602-d646f13b-9321&#8243;][vc_column_text]Yes, but you should inform the doctor that you would like to select glasses or lenses at the beginning of the visit.[\/vc_column_text][\/vc_tta_section][vc_tta_section title=&#8221;Should I apply eye drops which I normally use, on the day of the visit? (lubricating, anti-glaucoma, artificial tears, etc.)&#8221; tab_id=&#8221;1644692792739-716d54de-b7b4&#8243;][vc_column_text]Yes, you should normally apply your eye drops.[\/vc_column_text][\/vc_tta_section][vc_tta_section title=&#8221;Do I need special preparation for the visit?&#8221; tab_id=&#8221;1644692817901-4b503936-872b&#8221;][vc_column_text]An ophthalmological visit does not require special preparation. If this is your first visit at the centre, you should have the identity card, which is necessary to create a patient record. Also remember that in most cases it is not allowed to drive a car after an ophthalmological visit.[\/vc_column_text][\/vc_tta_section][vc_tta_section title=&#8221;Should I take my medical documentation from previous treatment (e.g. from another institution) to the ophthalmological visit?&#8221; tab_id=&#8221;1644692845063-ea598f68-fd15&#8243;][vc_column_text]During the first visit, the doctor takes the patient\u2019s ophthalmological history. If the patient has any ophthalmological documentation from other institutions, it is worth taking it to the visit.[\/vc_column_text][\/vc_tta_section][vc_tta_section title=&#8221;Should I take my glasses to the ophthalmological visit?&#8221; tab_id=&#8221;1644692873560-c2899a40-27bc&#8221;][vc_column_text]Yes.[\/vc_column_text][\/vc_tta_section][vc_tta_section title=&#8221;Can I return to work\/school after the ophthalmological visit?&#8221; tab_id=&#8221;1644692895406-c2ff6a96-7478&#8243;][vc_column_text]You can return to work\/school after the ophthalmological visit, but please remember that if you received eye drops at the visit, your vision may be disturbed and blurred for about 2-3 hours.[\/vc_column_text][\/vc_tta_section][vc_tta_section title=&#8221;How often should I have ophthalmological check-ups?&#8221; tab_id=&#8221;1644692924263-b4730240-e26a&#8221;][vc_column_text]Ophthalmological check-ups is an individual matter. The doctor usually informs the patient during the visit when he\/she should return. Patients over 50 should have a check-up at least once a year.[\/vc_column_text][\/vc_tta_section][vc_tta_section title=&#8221;Can I drive a car after the visit?&#8221; tab_id=&#8221;1644692949661-18c65c26-02a6&#8243;][vc_column_text]If you received pupil-dilating drops at the visit, you must NOT drive a car directly after the visit. You should wait for about 2-3 hours.[\/vc_column_text][\/vc_tta_section][\/vc_tta_accordion][\/vc_column][vc_column width=&#8221;1\/3&#8243;][vc_empty_space][vc_row_inner equal_height=&#8221;yes&#8221; el_class=&#8221;ts-discount-box osrodki&#8221;][vc_column_inner]<div class=\"ts-vc_icon_element ts-vc_icon_element-outer ts-vc_icon_element-align-center  ts-vc_icon_element-have-style vc_custom_1646823477191\"><div class=\"ts-vc_icon_element-inner  ts-vc_icon_element-have-style-inner ts-vc_icon_element-color-white ts-vc_icon_element-size-lg ts-vc_icon_element-style-rounded ts-vc_icon_element-background ts-vc_icon_element-background-color-custom\"  style=\"background-color:#325575\"><span class=\"ts-vc_icon_element-icon tsoptmicon flaticon-eye\" ><\/span><\/div><\/div><h4 style=\"text-align:center;font-size:25px;line-height:35px;color:#325575;font-family:'Montserrat',Arial,Helvetica;font-weight:700;\" class=\"ts-custom-heading \" >Glaucoma<\/h4>\n<h6 style=\"text-align:center;color:#ffffff;font-family:'Montserrat',Arial,Helvetica;font-weight:700;\" class=\"ts-custom-heading \" >price from<\/h6>\n<h3 style=\"text-align:center;font-size:50px;line-height:60px;color:#ffffff;font-family:'Montserrat',Arial,Helvetica;font-weight:700;\" class=\"ts-custom-heading ts-skincolor vc_custom_1651530094624\" >390 PLN<\/h3>\n[vc_empty_space][\/vc_column_inner][\/vc_row_inner][vc_empty_space][vc_row_inner equal_height=&#8221;yes&#8221; el_class=&#8221;ts-discount-box osrodki&#8221;][vc_column_inner]<h4 style=\"text-align:center;font-size:22px;line-height:32px;color:#325575;font-family:'Montserrat',Arial,Helvetica;font-weight:700;\" class=\"ts-custom-heading vc_custom_1646823939867\" >Available at:<\/h4>\n[vc_empty_space height=&#8221;20px&#8221;]\r\n\t\t<div class=\"ts-vc_btn3-container  btnosr ts-vc_btn3-left\"><a class=\"ts-vc_general ts-vc_btn3 ts-vc_btn3-size-lg ts-vc_btn3-shape-rounded ts-vc_btn3-style-flat ts-vc_btn3-weight-no ts-vc_btn3-icon-left ts-vc_btn3-color-blue\" href=\"https:\/\/www.ocho.pl\/en\/eye-surgery-centres\/krakow\/\" title=\"Eye Surgery Centre in Krak\u00f3w\"><i class=\"ts-vc_btn3-icon tsoptmicon flaticon-optometrist-10\"><\/i> <strong>KRAK\u00d3W<\/strong><br \/>\nEye Surgery Centre<\/a><\/div>\r\n\t\t<div class=\"ts-vc_btn3-container  btnosr ts-vc_btn3-left\"><a class=\"ts-vc_general ts-vc_btn3 ts-vc_btn3-size-lg ts-vc_btn3-shape-rounded ts-vc_btn3-style-flat ts-vc_btn3-weight-no ts-vc_btn3-icon-left ts-vc_btn3-color-blue\" href=\"https:\/\/www.ocho.pl\/en\/ophthalmology-offices\/lublin\/\" title=\"Ophthalmology Offices in Lublin\"><i class=\"ts-vc_btn3-icon tsoptmicon flaticon-optometrist-14\"><\/i> <strong>LUBLIN<\/strong><br \/>\nOphthalmology Offices<\/a><\/div>\r\n\t\t<div class=\"ts-vc_btn3-container  btnosr ts-vc_btn3-left\"><a class=\"ts-vc_general ts-vc_btn3 ts-vc_btn3-size-lg ts-vc_btn3-shape-rounded ts-vc_btn3-style-flat ts-vc_btn3-weight-no ts-vc_btn3-icon-left ts-vc_btn3-color-blue\" href=\"https:\/\/www.ocho.pl\/en\/eye-surgery-centres\/naleczow\/\" title=\"Eye Surgery Centre in Na\u0142\u0119cz\u00f3w\"><i class=\"ts-vc_btn3-icon tsoptmicon flaticon-eye-1\"><\/i> <strong>NA\u0141\u0118CZ\u00d3W<\/strong><br \/>\nEye Surgery Centre<\/a><\/div>\r\n\t\t<div class=\"ts-vc_btn3-container  btnosr ts-vc_btn3-left\"><a class=\"ts-vc_general ts-vc_btn3 ts-vc_btn3-size-lg ts-vc_btn3-shape-rounded ts-vc_btn3-style-flat ts-vc_btn3-weight-no ts-vc_btn3-icon-left ts-vc_btn3-color-blue\" href=\"https:\/\/www.ocho.pl\/en\/eye-surgery-centres\/nowy-sacz\/\" title=\"Eye Surgery Centre in Nowy S\u0105cz\"><i class=\"ts-vc_btn3-icon tsoptmicon flaticon-optometrist-11\"><\/i> <strong>NOWY S\u0104CZ<\/strong><br \/>\nEye Surgery Centre<\/a><\/div>[\/vc_column_inner][\/vc_row_inner][vc_empty_space][\/vc_column][\/vc_row]<\/p>\n<\/div>","protected":false},"excerpt":{"rendered":"<p>[vc_row ts_bgcolor=&#8221;primarydarkgrey&#8221;][vc_column width=&#8221;2\/3&#8243;][vc_empty_space][vc_column_text]Glaucoma is a progressive disease of the optic nerve leading to irreversible vision impairment. We distinguish two major types of glaucoma: open-angle, closed-angle glaucoma. Very rarely, some specific types of glaucoma may occur, such as congenital, childhood, or juvenile glaucoma. Glaucoma may be sometimes associated with the occurrence of other ocular disorders, such &hellip; <a href=\"https:\/\/www.ocho.pl\/en\/treatment\/glaucoma\/\" class=\"more-link\">Continue reading <span class=\"screen-reader-text\">Glaucoma<\/span><\/a><\/p>\n","protected":false},"author":1,"featured_media":0,"parent":13749,"menu_order":0,"comment_status":"closed","ping_status":"closed","template":"","meta":{"_acf_changed":false,"footnotes":"","_links_to":"","_links_to_target":""},"class_list":["post-13795","page","type-page","status-publish","hentry"],"acf":[],"aioseo_notices":[],"_links":{"self":[{"href":"https:\/\/www.ocho.pl\/en\/wp-json\/wp\/v2\/pages\/13795","targetHints":{"allow":["GET"]}}],"collection":[{"href":"https:\/\/www.ocho.pl\/en\/wp-json\/wp\/v2\/pages"}],"about":[{"href":"https:\/\/www.ocho.pl\/en\/wp-json\/wp\/v2\/types\/page"}],"author":[{"embeddable":true,"href":"https:\/\/www.ocho.pl\/en\/wp-json\/wp\/v2\/users\/1"}],"replies":[{"embeddable":true,"href":"https:\/\/www.ocho.pl\/en\/wp-json\/wp\/v2\/comments?post=13795"}],"version-history":[{"count":8,"href":"https:\/\/www.ocho.pl\/en\/wp-json\/wp\/v2\/pages\/13795\/revisions"}],"predecessor-version":[{"id":16529,"href":"https:\/\/www.ocho.pl\/en\/wp-json\/wp\/v2\/pages\/13795\/revisions\/16529"}],"up":[{"embeddable":true,"href":"https:\/\/www.ocho.pl\/en\/wp-json\/wp\/v2\/pages\/13749"}],"wp:attachment":[{"href":"https:\/\/www.ocho.pl\/en\/wp-json\/wp\/v2\/media?parent=13795"}],"curies":[{"name":"wp","href":"https:\/\/api.w.org\/{rel}","templated":true}]}}