{"id":13785,"date":"2022-02-12T22:13:45","date_gmt":"2022-02-12T21:13:45","guid":{"rendered":"https:\/\/www.ocho.pl\/treatment\/intravitreal-injections\/"},"modified":"2023-07-13T15:27:28","modified_gmt":"2023-07-13T13:27:28","slug":"intravitreal-injections","status":"publish","type":"page","link":"https:\/\/www.ocho.pl\/en\/treatment\/intravitreal-injections\/","title":{"rendered":"Intravitreal injections"},"content":{"rendered":"<div class=\"wpb-content-wrapper\"><p>[vc_row ts_bgcolor=&#8221;primarydarkgrey&#8221;][vc_column width=&#8221;2\/3&#8243;]<h2 style=\"text-align:left;\" class=\"ts-custom-heading \" >What are intravitreal injections?<\/h2>\n[vc_column_text]The term intravitreal injection refers to the administration of therapeutic preparations into the eyeball. The administration of an injection into the vitreous humour is a short and painless procedure, performed under local (eye drop) anaesthesia in an outpatient setting. Before the injection, we conduct full ophthalmological diagnostics, and, on the basis of the achieved results, we qualify for treatment. Intravitreal injections are used in the treatment of diseases of the posterior pole of the eye. This is a modern, and currently the most effective method of treatment in the case of exudative age-related macular degeneration (<a href=\"\/?page_id=13751\">AMD<\/a>). Such procedures also find use in the treatment of diabetic macular edema, macular complications of pathological myopia, and macular edema resulting from central retinal vein occlusion.[\/vc_column_text]<h2 style=\"text-align:left;\" class=\"ts-custom-heading \" >What medications are used in intravitreal injections?<\/h2>\n[vc_column_text]Currently, we use various therapeutic preparations, anti-VEGF, i.e. Avastin (bevacizumab), Lucentis (ranibizumab), Eylea (aflibercept). For the first 3 months of treatment, intravitreal injections are usually administered every 4 weeks, and then the frequency of injections depends on the type of disease, therapy efficacy and the type of the medication used (usually every 4 or 8 weeks, or even less frequently in certain cases). Steroid drugs are used much less frequently at our Centre. We use VITREAL S (triamcynolon) e.g. in the treatment of diabetic macular edema, retinal vessel thrombosis and inflammatory processes in the retina and choroid. These medications have an antiedema and antiinflammatory effect.[\/vc_column_text][vc_separator]<h2 style=\"text-align:left;\" class=\"ts-custom-heading \" >What are the indications for treatment with intravitreal injections?<\/h2>\n[vc_tta_accordion style=&#8221;outline&#8221; c_icon=&#8221;triangle&#8221; c_position=&#8221;right&#8221; active_section=&#8221;111&#8243; collapsible_all=&#8221;true&#8221;][vc_tta_section title=&#8221;Age-related macular degeneration (AMD)&#8221; tab_id=&#8221;1644697487931-43695f6f-c559&#8243;][vc_column_text]belongs to major causes of irreversible loss of central vision in adults, and is a serious medical and social problem. AMD is a chronic disease, and may occur in two forms: dry (atrophic) and exudative (wet, neovascular). The course of dry AMD, which occurs in approx. 90% subjects, is usually slow, long-term and leads to a gradual loss of sight. It may, however, transform into the exudative form, which often causes rapid vision deterioration, and, if untreated or treated too late, leads to significant, irreversible loss of vision. The exudative form is an URGENT indication for treatment by means of intravitreal injections.[\/vc_column_text][\/vc_tta_section][vc_tta_section title=&#8221;Central retinal vein occlusion (CRVO)&#8221; tab_id=&#8221;1644697487967-4410fabe-f2a7&#8243;][vc_column_text]is one of the major factors of vision loss and significant visual acuity deterioration in developed countries. The most common cause of CRVO is vascular injury. The cause of venous occlusions is always general diseases, such as hypertension, atherosclerosis or diabetes. In young patients, aged 35-50, they may be caused by inflammatory diseases, e.g. vascular inflammatory diseases. It is vascular abnormalities that are responsible for the formation of occlusion, as well as for heart attack or stroke. Therefore, to treat such diseases, a complete diagnosis of an internal medicine specialist or cardiologist is necessary. Eye occlusion always results in vision deterioration, and the degree of eye damage depends on the size of the occlusion. Normally, to save eyesight, ophthalmological treatment must be conducted together with general treatment, and includes laser, injections of anti-VEGF medications, and steroids. Sometimes surgical treatment is necessary. <a href=\"\/?page_id=13874\">vitrectomy<\/a>.[\/vc_column_text][\/vc_tta_section][vc_tta_section title=&#8221;Diabetic macular edema (DME)&#8221; tab_id=&#8221;1644697704378-a597bc3e-f2c4&#8243;][vc_column_text]is the main cause of impaired vision in subjects with type 2 diabetes. The basic aim of the therapy is to inhibit the progression of pathological lesions in the macular region and to maintain the best possible visual acuity. Treatment includes intravitreal injections (anti-VEGF and steroid preparations), laser treatment and surgical treatment. The choice of treatment method depends on the advancement of diabetic maculopathy. <strong>Diabetic macular edema<\/strong> (DME) is a serious complication of diabetes mellitus which (if not adequately treated) leads to significant, permanent vision deterioration.[\/vc_column_text][\/vc_tta_section][vc_tta_section title=&#8221;Choroidal neovascularisation secondary to high myopia&#8221; tab_id=&#8221;1644697726817-5098dd77-ec93&#8243;][vc_column_text]involves a formation of new, abnormal blood vessels in the choroid, which produce fluid causing eye edema. Patients with choroidal neovascularisation secondary to myopia, reveal such symptoms as blurred vision (metamorphopsia), image distortion and\/or presence of white or grey spots in the centre of the visual field (scotomas). Choroidal neovascularisation is a serious eye disease, which, if untreated, may lead to a loss of vision. Without treatment, the majority of people affected by this disease will be blind within 10 years of the diagnosis.[\/vc_column_text][\/vc_tta_section][\/vc_tta_accordion][vc_empty_space height=&#8221;20px&#8221;][vc_separator][vc_column_text]At the Eye Surgery Centres of Professor Zag\u00f3rski, we have been conducting diagnostics and treatment of patients with macular diseases for many years. Having access to modern equipment, we can diagnose early and adequately treat patients with retinal problems. We perform all necessary examinations, e.g. OCT (optical coherence tomography), fluorescein angiography, indocyanine angiography, angio-OCT. Our staff members have extensive experience supported with long-term practice and participation in numerous ophthalmological congresses, scientific conferences, courses and trainings in the country and abroad. We offer our patients with prompt diagnosis and treatments at the highest international level.[\/vc_column_text][vc_separator]<h2 style=\"text-align:left;\" class=\"ts-custom-heading \" >FAQ<\/h2>\n[vc_tta_accordion active_section=&#8221;111&#8243; collapsible_all=&#8221;true&#8221;][vc_tta_section title=&#8221;Are there any other treatment options than intravitreal injections?&#8221; tab_id=&#8221;1644268721449-dd2519c0-e524&#8243;][vc_column_text]It depends on the type of disease which we treat. In the case of AMD (exudative form), there is no other treatment method. In the case of macular edema secondary to diabetic retinopathy, or after central retinal vein occlusion, we might consider treatment with micropulse or yellow laser, or surgical treatment? posterior vitrectomy. The treating physician will discuss details with you.[\/vc_column_text][\/vc_tta_section][vc_tta_section title=&#8221;Is the treatment with injections effective?&#8221; tab_id=&#8221;1644699399565-a4322bb0-e0f2&#8243;][vc_column_text]Yes. The aim of treatment is to inhibit the disease progression, which does not necessarily mean improvement in seeing. Sometimes, especially with advanced lesions, the treatment is introduced in order to stop further deterioration of vision.[\/vc_column_text][\/vc_tta_section][vc_tta_section title=&#8221;Which of the medications used is the most effective?&#8221; tab_id=&#8221;1644699425774-e821470c-bf55&#8243;][vc_column_text]It is difficult to give a decisive answer, since it depends on the type and advancement of the disease we treat, and on the way the patient responds to therapy. We usually start with a monthly administration of anti-VEGF antibody, and if that does not help, we consider switching to another medication with a different target? details with be discussed by the treating physician.[\/vc_column_text][\/vc_tta_section][vc_tta_section title=&#8221;Is the procedure of intravitreal injections painful?&#8221; tab_id=&#8221;1644699448704-4b6022b2-0446&#8243;][vc_column_text]No. Before injection, we use topical anaesthetic drugs in eye drops. Sensitive subjects may feel discomfort resulting from the application of a speculum supporting the eyelids. Some patients may have slight pricking sensation when the needle goes through the eye wall.[\/vc_column_text][\/vc_tta_section][vc_tta_section title=&#8221;How long does the procedure last?&#8221; tab_id=&#8221;1644699478574-12b87930-45be&#8221;][vc_column_text]The injection alone lasts about 1-2 minutes. More time is needed for the examination before the injection, and preparation for the drug administration at the operating theatre, so you must reserve about an hour for the stay at the centre.[\/vc_column_text][\/vc_tta_section][vc_tta_section title=&#8221;What are postoperative instructions in the case of intravitreal injection?&#8221; tab_id=&#8221;1644699507364-8e2ce010-c50e&#8221;][vc_column_text]After the injection, a dressing is applied which must be removed after reaching home. You may obtain a prescription for antibiotic drops, which are usually applied into the eye a few times a day &#8211; details will be provided by the treating physician. They are also written down in the information card which you will receive when leaving the Centre after the injection. The card also includes the date of the next visit.[\/vc_column_text][\/vc_tta_section][vc_tta_section title=&#8221;Can any complications occur after the procedure?&#8221; tab_id=&#8221;1644699536094-1134ddd3-db10&#8243;][vc_column_text]Complications after the injection are fortunately extremely rare. These may include swelling on slight redness at the injection site, which will disappear within a few days. The most serious complication, although extremely rare, is an inflammatory response (endophthalmitis) after the administration of the drug. This condition requires immediate surgical treatment; therefore, in the event of sudden pain or loss of vision, you must immediately contact the Centre. An early diagnosed inflammation may be effectively treated.[\/vc_column_text][\/vc_tta_section][vc_tta_section title=&#8221;How long will I wait for the procedure of intravitreal injection?&#8221; tab_id=&#8221;1644699558127-63b21451-e63a&#8221;][vc_column_text]The procedures of intravitreal injections are performed at OCHO at least once a month.[\/vc_column_text][\/vc_tta_section][vc_tta_section title=&#8221;Are intravitreal injections performed only as commercial procedures, or is it possible to receive treatment reimbursed by the National Health Fund?&#8221; tab_id=&#8221;1644699584986-e3b65758-ffab&#8221;][vc_column_text]At OCHO, injections are usually performed as commercial procedures. It is also possible to obtain financing from the National Health Fund as part of drug programmes. In order to qualify for a drug programme, one must meet medical criteria specified by the Ministry of Health, and be verified by the central qualification committee. After qualification, the patient is included in the waiting list for introduction to the treatment programme.[\/vc_column_text][\/vc_tta_section][vc_tta_section title=&#8221;How to prepare for the procedure of intravitreal injection?&#8221; tab_id=&#8221;1644699610610-77dd92ce-c50f&#8221;][vc_column_text]You must bring your identity document for the procedure.[\/vc_column_text][\/vc_tta_section][vc_tta_section title=&#8221;Is it necessary to stay in hospital after the procedure?&#8221; tab_id=&#8221;1644699630829-f1c0d25b-733f&#8221;][vc_column_text]The injection procedure is carried out in an outpatient setting, which means that the patient may go home directly after the procedure.[\/vc_column_text][\/vc_tta_section][vc_tta_section title=&#8221;Can I drive a car after the injection procedure?&#8221; tab_id=&#8221;1644699649928-14cbf5d7-cc7e&#8221;][vc_column_text]You should not drive vehicles after an intravitreal injection.[\/vc_column_text][\/vc_tta_section][vc_tta_section title=&#8221;Can a pregnant woman undergo the procedure of intravitreal injection?&#8221; tab_id=&#8221;1644699671161-021d6991-275f&#8221;][vc_column_text]Pregnant women can undergo the procedure of intravitreal injections only in emergency situations. In stable cases and after consulting a doctor, the procedure may be postponed.[\/vc_column_text][\/vc_tta_section][\/vc_tta_accordion][\/vc_column][vc_column width=&#8221;1\/3&#8243;][vc_empty_space][vc_row_inner equal_height=&#8221;yes&#8221; el_class=&#8221;ts-discount-box osrodki&#8221;][vc_column_inner]<div class=\"ts-vc_icon_element ts-vc_icon_element-outer ts-vc_icon_element-align-center  ts-vc_icon_element-have-style vc_custom_1646823477191\"><div class=\"ts-vc_icon_element-inner  ts-vc_icon_element-have-style-inner ts-vc_icon_element-color-white ts-vc_icon_element-size-lg ts-vc_icon_element-style-rounded ts-vc_icon_element-background ts-vc_icon_element-background-color-custom\"  style=\"background-color:#325575\"><span class=\"ts-vc_icon_element-icon tsoptmicon flaticon-eye\" ><\/span><\/div><\/div><h4 style=\"text-align:center;font-size:25px;line-height:35px;color:#325575;font-family:'Montserrat',Arial,Helvetica;font-weight:700;\" class=\"ts-custom-heading \" >Intravitreal injections<\/h4>\n<h6 style=\"text-align:center;color:#ffffff;font-family:'Montserrat',Arial,Helvetica;font-weight:700;\" class=\"ts-custom-heading \" ><\/h6>\n[vc_column_text css=&#8221;.vc_custom_1656325073848{margin-bottom: 0px !important;}&#8221;]<\/p>\n<p style=\"text-align: center;\"><span style=\"color: #ffffff;\">Qualification for the first injection (examination includes OCT)<\/span><br \/>\n<span style=\"color: #ffffff;\"><strong>220 PLN<\/strong><\/span><\/p>\n<hr \/>\n<p style=\"text-align: center;\"><span style=\"color: #ffffff;\">Qualification for the next injection (examination includes OCT)<\/span><br \/>\n<span style=\"color: #ffffff;\"><strong>150 PLN<\/strong><\/span><\/p>\n<hr \/>\n<p style=\"text-align: center;\"><span style=\"color: #ffffff;\">Triamcinolon<\/span><br \/>\n<span style=\"color: #ffffff;\"><strong>699 PLN<\/strong><\/span><\/p>\n<hr \/>\n<p style=\"text-align: center;\"><span style=\"color: #ffffff;\">Avastin<\/span><br \/>\n<span style=\"color: #ffffff;\"><strong>499 PLN<\/strong><\/span><\/p>\n<hr \/>\n<p style=\"text-align: center;\"><span style=\"color: #ffffff;\">Eylea<\/span><br \/>\n<span style=\"color: #ffffff;\"><strong>1699 PLN<\/strong><\/span><\/p>\n<hr \/>\n<p style=\"text-align: center;\"><span style=\"color: #ffffff;\">Lucentis<\/span><br \/>\n<span style=\"color: #ffffff;\"><strong>1799 PLN<\/strong><\/span><\/p>\n<hr \/>\n<p style=\"text-align: center;\"><span style=\"color: #ffffff;\">Beovu<\/span><br \/>\n<span style=\"color: #ffffff;\"><strong>1990 PLN<\/strong><\/span><\/p>\n<hr \/>\n<p style=\"text-align: center;\"><span style=\"color: #ffffff;\">Ozurdex<\/span><br \/>\n<span style=\"color: #ffffff;\"><strong>5800 PLN<\/strong><\/span><\/p>\n<hr \/>\n<p>[\/vc_column_text][vc_empty_space][\/vc_column_inner][\/vc_row_inner][vc_empty_space][vc_row_inner equal_height=&#8221;yes&#8221; el_class=&#8221;ts-discount-box osrodki&#8221;][vc_column_inner]<h4 style=\"text-align:center;font-size:22px;line-height:32px;color:#325575;font-family:'Montserrat',Arial,Helvetica;font-weight:700;\" class=\"ts-custom-heading vc_custom_1646823939867\" >Available at:<\/h4>\n[vc_empty_space height=&#8221;20px&#8221;]\r\n\t\t<div class=\"ts-vc_btn3-container  btnosr ts-vc_btn3-left\"><a class=\"ts-vc_general ts-vc_btn3 ts-vc_btn3-size-lg ts-vc_btn3-shape-rounded ts-vc_btn3-style-flat ts-vc_btn3-weight-no ts-vc_btn3-icon-left ts-vc_btn3-color-blue\" href=\"https:\/\/www.ocho.pl\/en\/eye-surgery-centres\/krakow\/\" title=\"Eye Surgery Centre in Krak\u00f3w\"><i class=\"ts-vc_btn3-icon tsoptmicon flaticon-optometrist-10\"><\/i> <strong>KRAK\u00d3W<\/strong><br \/>\nEye Surgery Centre<\/a><\/div>\r\n\t\t<div class=\"ts-vc_btn3-container  btnosr ts-vc_btn3-left\"><a class=\"ts-vc_general ts-vc_btn3 ts-vc_btn3-size-lg ts-vc_btn3-shape-rounded ts-vc_btn3-style-flat ts-vc_btn3-weight-no ts-vc_btn3-icon-left ts-vc_btn3-color-blue\" href=\"https:\/\/www.ocho.pl\/en\/ophthalmology-offices\/lublin\/\" title=\"Ophthalmology Offices in Lublin\"><i class=\"ts-vc_btn3-icon tsoptmicon flaticon-optometrist-14\"><\/i> <strong>LUBLIN<\/strong><br \/>\nOphthalmology Offices<\/a><\/div>\r\n\t\t<div class=\"ts-vc_btn3-container  btnosr ts-vc_btn3-left\"><a class=\"ts-vc_general ts-vc_btn3 ts-vc_btn3-size-lg ts-vc_btn3-shape-rounded ts-vc_btn3-style-flat ts-vc_btn3-weight-no ts-vc_btn3-icon-left ts-vc_btn3-color-blue\" href=\"https:\/\/www.ocho.pl\/en\/eye-surgery-centres\/naleczow\/\" title=\"Eye Surgery Centre in Na\u0142\u0119cz\u00f3w\"><i class=\"ts-vc_btn3-icon tsoptmicon flaticon-eye-1\"><\/i> <strong>NA\u0141\u0118CZ\u00d3W<\/strong><br \/>\nEye Surgery Centre<\/a><\/div>\r\n\t\t<div class=\"ts-vc_btn3-container  btnosr ts-vc_btn3-left\"><a class=\"ts-vc_general ts-vc_btn3 ts-vc_btn3-size-lg ts-vc_btn3-shape-rounded ts-vc_btn3-style-flat ts-vc_btn3-weight-no ts-vc_btn3-icon-left ts-vc_btn3-color-blue\" href=\"https:\/\/www.ocho.pl\/en\/eye-surgery-centres\/nowy-sacz\/\" title=\"Eye Surgery Centre in Nowy S\u0105cz\"><i class=\"ts-vc_btn3-icon tsoptmicon flaticon-optometrist-11\"><\/i> <strong>NOWY S\u0104CZ<\/strong><br \/>\nEye Surgery Centre<\/a><\/div>\r\n\t\t<div class=\"ts-vc_btn3-container  btnosr ts-vc_btn3-left\"><a class=\"ts-vc_general ts-vc_btn3 ts-vc_btn3-size-lg ts-vc_btn3-shape-rounded ts-vc_btn3-style-flat ts-vc_btn3-weight-no ts-vc_btn3-icon-left ts-vc_btn3-color-blue\" href=\"https:\/\/www.ocho.pl\/en\/eye-surgery-centres\/eye-surgery-centre-in-rzeszow\/\" title=\"Eye Surgery Centre in Rzesz\u00f3w\"><i class=\"ts-vc_btn3-icon tsoptmicon flaticon-optometrist-1\"><\/i> <strong>RZESZ\u00d3W<\/strong><br \/>\nEye Surgery Centre<\/a><\/div>[\/vc_column_inner][\/vc_row_inner][vc_empty_space][\/vc_column][\/vc_row]<\/p>\n<\/div>","protected":false},"excerpt":{"rendered":"<p>[vc_row ts_bgcolor=&#8221;primarydarkgrey&#8221;][vc_column width=&#8221;2\/3&#8243;][vc_column_text]The term intravitreal injection refers to the administration of therapeutic preparations into the eyeball. The administration of an injection into the vitreous humour is a short and painless procedure, performed under local (eye drop) anaesthesia in an outpatient setting. Before the injection, we conduct full ophthalmological diagnostics, and, on the basis of the &hellip; <a href=\"https:\/\/www.ocho.pl\/en\/treatment\/intravitreal-injections\/\" class=\"more-link\">Continue reading <span class=\"screen-reader-text\">Intravitreal injections<\/span><\/a><\/p>\n","protected":false},"author":1,"featured_media":0,"parent":13749,"menu_order":0,"comment_status":"closed","ping_status":"closed","template":"","meta":{"_acf_changed":false,"footnotes":"","_links_to":"","_links_to_target":""},"class_list":["post-13785","page","type-page","status-publish","hentry"],"acf":[],"aioseo_notices":[],"_links":{"self":[{"href":"https:\/\/www.ocho.pl\/en\/wp-json\/wp\/v2\/pages\/13785","targetHints":{"allow":["GET"]}}],"collection":[{"href":"https:\/\/www.ocho.pl\/en\/wp-json\/wp\/v2\/pages"}],"about":[{"href":"https:\/\/www.ocho.pl\/en\/wp-json\/wp\/v2\/types\/page"}],"author":[{"embeddable":true,"href":"https:\/\/www.ocho.pl\/en\/wp-json\/wp\/v2\/users\/1"}],"replies":[{"embeddable":true,"href":"https:\/\/www.ocho.pl\/en\/wp-json\/wp\/v2\/comments?post=13785"}],"version-history":[{"count":7,"href":"https:\/\/www.ocho.pl\/en\/wp-json\/wp\/v2\/pages\/13785\/revisions"}],"predecessor-version":[{"id":16530,"href":"https:\/\/www.ocho.pl\/en\/wp-json\/wp\/v2\/pages\/13785\/revisions\/16530"}],"up":[{"embeddable":true,"href":"https:\/\/www.ocho.pl\/en\/wp-json\/wp\/v2\/pages\/13749"}],"wp:attachment":[{"href":"https:\/\/www.ocho.pl\/en\/wp-json\/wp\/v2\/media?parent=13785"}],"curies":[{"name":"wp","href":"https:\/\/api.w.org\/{rel}","templated":true}]}}