{"id":13773,"date":"2022-03-27T13:05:50","date_gmt":"2022-03-27T11:05:50","guid":{"rendered":"https:\/\/www.ocho.pl\/treatment\/corneal-cross-linking\/"},"modified":"2026-01-05T15:30:14","modified_gmt":"2026-01-05T14:30:14","slug":"corneal-cross-linking","status":"publish","type":"page","link":"https:\/\/www.ocho.pl\/en\/treatment\/corneal-cross-linking\/","title":{"rendered":"Corneal cross-linking"},"content":{"rendered":"<div class=\"wpb-content-wrapper\"><p>[vc_row ts_bgcolor=&#8221;primarydarkgrey&#8221;][vc_column width=&#8221;2\/3&#8243;][vc_empty_space][vc_column_text]Keratoconus is a disease resulting in a change of shape, thinning and mechanical instability of the cornea, and, ultimately, vision impairment.<\/p>\n<p>In the initial stage of the disease, in order to improve visual acuity, the patient can use correction glasses, hard gas-permeable or scleral hybrid contact lenses, which does not, however, change the progressive nature of the disease.<\/p>\n<p>In the advanced stage of the disease, it is necessary to perform a lamellar or penetrating corneal transplantation. An alternative treatment of early stages of keratoconus is corneal cross-linking or implantation of intrastromal corneal rings.<\/p>\n<p class=\"has-medium-font-size\"><strong>Collagen cross-linking with the use of riboflavin and UV radiation<\/strong><\/p>\n<p>The purpose of this method is to strengthen and stabilise the corneal shape in patients whose keratoconus is progressing or who no longer tolerate contact lenses.<\/p>\n<p>Cross-links are transverse bonds between collagen fibrils of the cornea, which are responsible for maintaining integrity and stiffness of the cornea.<\/p>\n<p>The procedure involves UV irradiation of the cornea, following the use of riboflavin in eye drops.<\/p>\n<hr \/>\n<p><strong>Possible treatment benefits:<\/strong>[\/vc_column_text]<ul class=\"ts-list ts-list-style-icon ts-list-icon-color-skincolor ts- ts-icon-skincolor ts-list-textsize- ts-list-icon-library-fontawesome\"><li><i class=\"ts-skincolor fa fa-caret-right\"><\/i>  <span class=\"ts-list-li-content\">zatrzymanie progresji sto\u017cka,<\/span><\/li><li><i class=\"ts-skincolor fa fa-caret-right\"><\/i>  <span class=\"ts-list-li-content\">powinna poprawi\u0107 si\u0119 tolerancja soczewek kontaktowych,<\/span><\/li><li><i class=\"ts-skincolor fa fa-caret-right\"><\/i>  <span class=\"ts-list-li-content\">po zabiegu mo\u017ce nast\u0105pi\u0107 niewielka poprawa ostro\u015bci wzroku.<\/span><\/li><\/ul>[vc_separator]<h2 style=\"text-align:left;\" class=\"ts-custom-heading \" >FAQ<\/h2>\n[vc_tta_accordion active_section=&#8221;111&#8243; collapsible_all=&#8221;true&#8221;][vc_tta_section title=&#8221;What is keratoconus?&#8221; tab_id=&#8221;1644692949661-18c65c26-02a66cd8-a2b9&#8243;][vc_column_text]Keratoconus is a condition resulting in changing the shape of the cornea and its thinning. It is a progressive disease which may lead to impaired vision.[\/vc_column_text][\/vc_tta_section][vc_tta_section title=&#8221;What is cross-linking?&#8221; tab_id=&#8221;1652037383883-7eaf9daa-bf88&#8243;][vc_column_text]Collagen cross-linking with the use of riboflavin and UV radiation is a method of hardening and stabilising the corneal shape.[\/vc_column_text][\/vc_tta_section][vc_tta_section title=&#8221;Is the procedure performed under anaesthesia?&#8221; tab_id=&#8221;1652037417182-7c215678-b408&#8243;][vc_column_text]Yes, the procedure is performed under local anaesthesia, with the administration of anaesthetic drops.[\/vc_column_text][\/vc_tta_section][vc_tta_section title=&#8221;How long is the recovery period after the procedure?&#8221; tab_id=&#8221;1652037446885-ba87ebd9-82d3&#8243;][vc_column_text]Depending on the type of the procedure, surgery-related complaints usually discontinue within several days. Periodic blurred vision may persist for even 3-6 months, which is related to the strengthening of the cornea, and stabilisation of its shape.[\/vc_column_text][\/vc_tta_section][vc_tta_section title=&#8221;Is keratoconus recurrence possible after the procedure?&#8221; tab_id=&#8221;1652037482197-6d388fa7-2191&#8243;][vc_column_text]The stabilisation of the corneal shape is usually maintained for several years after the procedure. In very advance cases, the cross-linking procedure may only delay the pathological process.[\/vc_column_text][\/vc_tta_section][vc_tta_section title=&#8221;Is the procedure performed once in life?&#8221; tab_id=&#8221;1652037500743-fbc319fd-472f&#8221;][vc_column_text]After about 5 years, the procedure may be repeated if keratoconus is progressing again.[\/vc_column_text][\/vc_tta_section][vc_tta_section title=&#8221;Can any complications occur after the procedure?&#8221; tab_id=&#8221;1652037523733-da97321f-0383&#8243;][vc_column_text]Yes, the procedure is associated with a low risk of complications. The patient is informed about them during the qualification visit. In addition, they are presented in detail in the information brochure which the patient receives before the procedure.[\/vc_column_text][\/vc_tta_section][vc_tta_section title=&#8221;Can I drive a car after the surgery?&#8221; tab_id=&#8221;1652037560501-e661bcee-21ec&#8221;][vc_column_text]You cannot drive a car directly after the procedure.[\/vc_column_text][\/vc_tta_section][vc_tta_section title=&#8221;Can I do sport after the cross-linking procedure and correction?&#8221; tab_id=&#8221;1652037579086-677a6a90-0204&#8243;][vc_column_text]Doing sport is not recommended directly after the procedure. After healing of the cornea, the patient may return to all his\/her previous activities.[\/vc_column_text][\/vc_tta_section][vc_tta_section title=&#8221;Can pregnant women undergo the procedure?&#8221; tab_id=&#8221;1652037634327-93bbb52c-b966&#8243;][vc_column_text]The procedure may not be performed in pregnant women. It is recommended that the procedure be performed before planned pregnancy.[\/vc_column_text][\/vc_tta_section][vc_tta_section title=&#8221;Do I need special preparation for the procedure?&#8221; tab_id=&#8221;1652037659509-96283b1a-3dbf&#8221;][vc_column_text]Before the visit qualifying for the procedure, the patient must remove hard contact lenses (if he\/she uses them) for at least 14 days, soft lenses for 7 days. And on the day of the procedure, the patient should be without contact lenses, they can be removed a day earlier.[\/vc_column_text][\/vc_tta_section][vc_tta_section title=&#8221;How is the cross-linking procedure carried out?&#8221; tab_id=&#8221;1652037680397-746c30ed-9d84&#8243;][vc_column_text]The procedures are carried out in an outpatient setting, under eye drop anaesthesia. The patient may go home after the procedure. The procedure involves UV irradiation of the cornea, following the use of riboflavin in eye drops. At the end of the procedure, a contact lens is inserted. For the first 3 days after the surgery, the patient may feel strong pain, stinging or burning sensation, and photophobia. This is related to the necessity of removing epithelium during the cross-linking procedure. After about 7 days, the patient may return to his\/her work activities.[\/vc_column_text][\/vc_tta_section][\/vc_tta_accordion][\/vc_column][vc_column width=&#8221;1\/3&#8243;][vc_empty_space][vc_row_inner equal_height=&#8221;yes&#8221; el_class=&#8221;ts-discount-box osrodki&#8221;][vc_column_inner]<div class=\"ts-vc_icon_element ts-vc_icon_element-outer ts-vc_icon_element-align-center  ts-vc_icon_element-have-style vc_custom_1646823477191\"><div class=\"ts-vc_icon_element-inner  ts-vc_icon_element-have-style-inner ts-vc_icon_element-color-white ts-vc_icon_element-size-lg ts-vc_icon_element-style-rounded ts-vc_icon_element-background ts-vc_icon_element-background-color-custom\"  style=\"background-color:#325575\"><span class=\"ts-vc_icon_element-icon tsoptmicon flaticon-eye\" ><\/span><\/div><\/div><h4 style=\"text-align:center;font-size:25px;line-height:35px;color:#325575;font-family:'Montserrat',Arial,Helvetica;font-weight:700;\" class=\"ts-custom-heading \" >Corneal cross-linking<\/h4>\n<h6 style=\"text-align:center;color:#ffffff;font-family:'Montserrat',Arial,Helvetica;font-weight:700;\" class=\"ts-custom-heading \" >price from<\/h6>\n<h3 style=\"text-align:center;font-size:50px;line-height:60px;color:#ffffff;font-family:'Montserrat',Arial,Helvetica;font-weight:700;\" class=\"ts-custom-heading ts-skincolor vc_custom_1652037145033\" >2 000 PLN<\/h3>\n[vc_empty_space][\/vc_column_inner][\/vc_row_inner][vc_empty_space][vc_row_inner equal_height=&#8221;yes&#8221; el_class=&#8221;ts-discount-box osrodki&#8221;][vc_column_inner]<h4 style=\"text-align:center;font-size:22px;line-height:32px;color:#325575;font-family:'Montserrat',Arial,Helvetica;font-weight:700;\" class=\"ts-custom-heading vc_custom_1646823939867\" >Available at:<\/h4>\n[vc_empty_space height=&#8221;20px&#8221;]\r\n\t\t<div class=\"ts-vc_btn3-container  btnosr ts-vc_btn3-left\"><a class=\"ts-vc_general ts-vc_btn3 ts-vc_btn3-size-lg ts-vc_btn3-shape-rounded ts-vc_btn3-style-flat ts-vc_btn3-weight-no ts-vc_btn3-icon-left ts-vc_btn3-color-blue\" href=\"https:\/\/www.ocho.pl\/en\/ophthalmology-offices\/lublin\/\" title=\"Ophthalmology Offices in Lublin\"><i class=\"ts-vc_btn3-icon tsoptmicon flaticon-optometrist-14\"><\/i> <strong>LUBLIN<\/strong><br \/>\nOphthalmology Offices<\/a><\/div>\r\n\t\t<div class=\"ts-vc_btn3-container  btnosr ts-vc_btn3-left\"><a class=\"ts-vc_general ts-vc_btn3 ts-vc_btn3-size-lg ts-vc_btn3-shape-rounded ts-vc_btn3-style-flat ts-vc_btn3-weight-no ts-vc_btn3-icon-left ts-vc_btn3-color-blue\" href=\"https:\/\/www.ocho.pl\/en\/eye-surgery-centres\/naleczow\/\" title=\"Eye Surgery Centre in Na\u0142\u0119cz\u00f3w\"><i class=\"ts-vc_btn3-icon tsoptmicon flaticon-eye-1\"><\/i> <strong>NA\u0141\u0118CZ\u00d3W<\/strong><br \/>\nEye Surgery Centre<\/a><\/div>[\/vc_column_inner][\/vc_row_inner][vc_empty_space][\/vc_column][\/vc_row]<\/p>\n<\/div>","protected":false},"excerpt":{"rendered":"<p>[vc_row ts_bgcolor=&#8221;primarydarkgrey&#8221;][vc_column width=&#8221;2\/3&#8243;][vc_empty_space][vc_column_text]Keratoconus is a disease resulting in a change of shape, thinning and mechanical instability of the cornea, and, ultimately, vision impairment. In the initial stage of the disease, in order to improve visual acuity, the patient can use correction glasses, hard gas-permeable or scleral hybrid contact lenses, which does not, however, change the &hellip; <a href=\"https:\/\/www.ocho.pl\/en\/treatment\/corneal-cross-linking\/\" class=\"more-link\">Continue reading <span class=\"screen-reader-text\">Corneal cross-linking<\/span><\/a><\/p>\n","protected":false},"author":1,"featured_media":0,"parent":13749,"menu_order":0,"comment_status":"closed","ping_status":"closed","template":"","meta":{"_acf_changed":false,"footnotes":"","_links_to":"","_links_to_target":""},"class_list":["post-13773","page","type-page","status-publish","hentry"],"acf":[],"aioseo_notices":[],"_links":{"self":[{"href":"https:\/\/www.ocho.pl\/en\/wp-json\/wp\/v2\/pages\/13773","targetHints":{"allow":["GET"]}}],"collection":[{"href":"https:\/\/www.ocho.pl\/en\/wp-json\/wp\/v2\/pages"}],"about":[{"href":"https:\/\/www.ocho.pl\/en\/wp-json\/wp\/v2\/types\/page"}],"author":[{"embeddable":true,"href":"https:\/\/www.ocho.pl\/en\/wp-json\/wp\/v2\/users\/1"}],"replies":[{"embeddable":true,"href":"https:\/\/www.ocho.pl\/en\/wp-json\/wp\/v2\/comments?post=13773"}],"version-history":[{"count":5,"href":"https:\/\/www.ocho.pl\/en\/wp-json\/wp\/v2\/pages\/13773\/revisions"}],"predecessor-version":[{"id":21823,"href":"https:\/\/www.ocho.pl\/en\/wp-json\/wp\/v2\/pages\/13773\/revisions\/21823"}],"up":[{"embeddable":true,"href":"https:\/\/www.ocho.pl\/en\/wp-json\/wp\/v2\/pages\/13749"}],"wp:attachment":[{"href":"https:\/\/www.ocho.pl\/en\/wp-json\/wp\/v2\/media?parent=13773"}],"curies":[{"name":"wp","href":"https:\/\/api.w.org\/{rel}","templated":true}]}}