{"id":13766,"date":"2022-02-12T21:49:08","date_gmt":"2022-02-12T20:49:08","guid":{"rendered":"https:\/\/www.ocho.pl\/treatment\/blepharoplasty\/"},"modified":"2023-07-13T15:25:35","modified_gmt":"2023-07-13T13:25:35","slug":"blepharoplasty","status":"publish","type":"page","link":"https:\/\/www.ocho.pl\/en\/treatment\/blepharoplasty\/","title":{"rendered":"Blepharoplasty"},"content":{"rendered":"<div class=\"wpb-content-wrapper\"><p>[vc_row ts_bgcolor=&#8221;primarydarkgrey&#8221;][vc_column width=&#8221;2\/3&#8243;][vc_empty_space][vc_column_text]<strong>Blepharoplasty<\/strong> is a surgical procedure involving removal of excessive loose skin from the eyelids. It is usually performed for aesthetic reasons, since drooping eyelids cause older and more tired look of the face. It also happens, however, that they restrict the field of vision and often contribute to discomfort in the eye region, which is more intense during general fatigue of the body. Removal of excess skin allows to restore younger appearance of eyes and face.<\/p>\n<h2><strong>Indications and contraindications for the procedure<\/strong><\/h2>\n<div>The procedure of blepharoplasty is preceded by a qualification visit. The condition of eyelids and patient&#8217;s expectations are discussed. The doctor establishes the indications and contraindications for the procedure. There are not many contraindications, and they are quite relative.<\/div>\n<div>The most important ones include:<\/div>\n<ul>\n<li>hypersensitivity to the medication administered during the procedure and to regional anaesthesia,<\/li>\n<li>inflammatory processes in the eye region,<\/li>\n<li>keloids.<\/li>\n<\/ul>\n<p>During this visit, the doctor also discusses the procedure and postoperative behaviour in detail.<\/p>\n<h2><strong>How is blepharoplasty carried out?<\/strong><\/h2>\n<div>In the case of a typical procedure, the doctor makes an incision along the eyelid crease, i.e. the natural skin line of the eyelid. The incisions sometimes go beyond the lateral canthus of the eye, but they are located within natural wrinkles, so called \u201ccrow\u2019s feet\u201d, which are frequently, partially or completely, smoothed. Then, excess skin is removed, which allows for additional tension of the remaining tissue. In the course of the procedure, a natural crease of the eyelids is also restored, for the natural appearance. The incisions are sutured with very thin sutures. The dressing is applied only on the eyelids, and is removed on the next day.<\/div>\n<div>\n<div>Blepharoplasty usually lasts about an hour, but a precise time depends on the scope of the procedure.<\/div>\n<div><\/div>\n<h2><strong>Postoperative instructions<\/strong><\/h2>\n<div>\n<p>Most patients return to an active life within 10 hours of the procedure. The sutures are removed after 7-10 days. After the procedure, the patient should use ointments and gels supporting good healing of the wound. Healing is a gradual process, so the postoperative site may change its looks for several months. The incision line eventually becomes pale and most frequently remains unnoticeable. Make-up may be usually applied after about 14 days. Sun protection is important. The effects of blepharoplasty are maintained for many years, making the eye region look younger, and improving the general facial appearance. Blepharoplasty may be repeated.<\/p>\n<h2><strong>Blepharoplasty at OCHO<\/strong><\/h2>\n<p>The procedure of blepharoplasty should be performed by doctors specialising in the surgery of eyelids and eye region. At the Eye Surgery Centres, the procedures are performed by: Professor Guy Ben Simon at the invitation of Professor Zag\u00f3rski, and our surgeons working with him, including: Dr Justyna K\u0142os-Rola and dr Marta Piecyk-Sidor in Na\u0142\u0119cz\u00f3w, as well as dr Agnieszka Mielnik-Mierzwi\u0144ska in Krak\u00f3w.<\/p>\n<\/div>\n<\/div>\n<p>[\/vc_column_text][vc_separator]<h2 style=\"text-align:left;\" class=\"ts-custom-heading \" >FAQ<\/h2>\n[vc_tta_accordion active_section=&#8221;111&#8243; collapsible_all=&#8221;true&#8221;][vc_tta_section title=&#8221;Who can undergo blepharoplasty?&#8221; tab_id=&#8221;1644696544236-10c8a913-d7f2&#8243;][vc_column_text]The surgery is performed for medical and aesthetic purposes. Medical indications include limited visual field, and sensation of heavy eyelids caused by their flaccidity. Aesthetic indications \u2013 rejuvenation of the eye region and improvement in the general facial appearance.[\/vc_column_text][\/vc_tta_section][vc_tta_section title=&#8221;How is blepharoplasty carried out, and how long does it last?&#8221; tab_id=&#8221;1652034745052-b906aa6b-a37a&#8221;][vc_column_text]Blepharoplasty usually lasts about an hour, but a precise time depends on the scope of the procedure. In a typical procedure, incisions are made along the natural skin line of the eyelid, i.e. the eyelid crease. In some instances, the incisions may reach beyond the lateral canthus of the eye, but usually no further than the area of natural wrinkles. These wrinkles, called \u201ccrow&#8217;s feet\u201d, are sometimes partially or completely smoothed owing to the blepharoplasty procedure. After the incisions are made, the doctor removes excess skin, so that the remaining tissue is additionally tensed. The blepharoplasty procedure also allows to restore the natural eyelid line, i.e. to restore natural look of the eyelid crease. Very thin sutures are used to close the incisions after the procedure, and the dressing is applied only on the eyelids. The dressing is removed on the second day after the procedure.[\/vc_column_text][\/vc_tta_section][vc_tta_section title=&#8221;When are sutures removed and how long does the wound healing last?&#8221; tab_id=&#8221;1652034776282-1c77ecaa-f4d3&#8243;][vc_column_text]The sutures are removed 7-10 days after the procedure. The wound healing is a gradual process and may last even several months. The final effect may be assessed after about 3-6 months, depending on the operated area and the scope of the procedure. For the first 48 hours after the procedure, the use of cooling packs reducing bruising and swelling around the eyes is recommended. After the procedure, the patient must remember about good sun protection, should avoid physical effort for 2\u20134 weeks, and make-up may be usually applied after 14 days of the procedure.[\/vc_column_text][\/vc_tta_section][vc_tta_section title=&#8221;Is it possible to remove excess skin from the upper and lower eyelid at the same time?&#8221; tab_id=&#8221;1652034804421-c4c6578c-16f0&#8243;][vc_column_text]We can perform the procedure, if it is done under general anaesthesia.[\/vc_column_text][\/vc_tta_section][vc_tta_section title=&#8221;Is the procedure performed as part of the National Health Fund, or only as a commercial procedure?&#8221; tab_id=&#8221;1652034837144-dcc3a5d2-9654&#8243;][vc_column_text]Currently, the procedure of removing excess skin from the eyelids at OCHO is performed only as a commercial procedure.[\/vc_column_text][\/vc_tta_section][vc_tta_section title=&#8221;How to prepare for the procedure of blepharoplasty?&#8221; tab_id=&#8221;1652034861217-70e8ece0-286a&#8221;][vc_column_text]Only a healthy person may undergo the procedure. Laboratory tests (CBC, INR) and hepatitis B vaccinations are recommended. 10 days before the procedure, after consultations with the treating physician, the patient should withdraw anticoagulant agents (belonging to salicylates (Polopirin, Aspirin, Acard etc.), vitamin E, and should avoid garlic, ginger and ginseng). Other medications should be taken as before. On the day of the surgery, the patient should come at the appointed time with the identity document and certificate about the state of health. Before the procedure, the patient should have a detailed conversation with the physician concerning a potential risk related to the procedure, as well as the patient\u2019s expectations as to the eyelid appearance post surgery.[\/vc_column_text][\/vc_tta_section][vc_tta_section title=&#8221;How long will I wait for blepharoplasty?&#8221; tab_id=&#8221;1652034887714-749ff342-36f5&#8243;][vc_column_text]At OCHO in Na\u0142\u0119cz\u00f3w, the waiting period for the procedure of blepharoplasty is on average from 5 to 10 weeks. Some specialists do not recommend this type of procedure during summer heat waves.[\/vc_column_text][\/vc_tta_section][vc_tta_section title=&#8221;Is it necessary to stay in hospital after the plastic surgery?&#8221; tab_id=&#8221;1652034912466-aeec4a90-400c&#8221;][vc_column_text]In most cases, the procedures of blepharoplasty are conducted under local anaesthesia and in one-day hospitalisation, which means that the patient can go home after the procedure. In some instances, however, when the procedure is carried out under general anaesthesia, the patient has to stay at OCHO overnight.[\/vc_column_text][\/vc_tta_section][vc_tta_section title=&#8221;Can I drive a car after the plastic surgery?&#8221; tab_id=&#8221;1652034938818-4317975d-d6e3&#8243;][vc_column_text]After the plastic surgery, dressings are applied on the eyelids, so you should not drive a car.[\/vc_column_text][\/vc_tta_section][vc_tta_section title=&#8221;Can pregnant women undergo the plastic surgery?&#8221; tab_id=&#8221;1652034961803-c9e940ee-0aa0&#8243;][vc_column_text]Non-life-saving procedures are not recommended in pregnant women.[\/vc_column_text][\/vc_tta_section][\/vc_tta_accordion][\/vc_column][vc_column width=&#8221;1\/3&#8243;][vc_empty_space][vc_row_inner equal_height=&#8221;yes&#8221; el_class=&#8221;ts-discount-box osrodki&#8221;][vc_column_inner]<div class=\"ts-vc_icon_element ts-vc_icon_element-outer ts-vc_icon_element-align-center  ts-vc_icon_element-have-style vc_custom_1646823477191\"><div class=\"ts-vc_icon_element-inner  ts-vc_icon_element-have-style-inner ts-vc_icon_element-color-white ts-vc_icon_element-size-lg ts-vc_icon_element-style-rounded ts-vc_icon_element-background ts-vc_icon_element-background-color-custom\"  style=\"background-color:#325575\"><span class=\"ts-vc_icon_element-icon tsoptmicon flaticon-eye\" ><\/span><\/div><\/div><h4 style=\"text-align:center;font-size:25px;line-height:35px;color:#325575;font-family:'Montserrat',Arial,Helvetica;font-weight:700;\" class=\"ts-custom-heading \" >Blepharoplasty<\/h4>\n<h6 style=\"text-align:center;color:#ffffff;font-family:'Montserrat',Arial,Helvetica;font-weight:700;\" class=\"ts-custom-heading \" >price from<\/h6>\n<h3 style=\"text-align:center;font-size:50px;line-height:60px;color:#ffffff;font-family:'Montserrat',Arial,Helvetica;font-weight:700;\" class=\"ts-custom-heading ts-skincolor vc_custom_1687034274378\" >3 300 PLN<\/h3>\n[vc_empty_space][\/vc_column_inner][\/vc_row_inner][vc_empty_space][vc_row_inner equal_height=&#8221;yes&#8221; el_class=&#8221;ts-discount-box osrodki&#8221;][vc_column_inner]<h4 style=\"text-align:center;font-size:22px;line-height:32px;color:#325575;font-family:'Montserrat',Arial,Helvetica;font-weight:700;\" class=\"ts-custom-heading vc_custom_1646823939867\" >Available at:<\/h4>\n[vc_empty_space height=&#8221;20px&#8221;]\r\n\t\t<div class=\"ts-vc_btn3-container  btnosr ts-vc_btn3-left\"><a class=\"ts-vc_general ts-vc_btn3 ts-vc_btn3-size-lg ts-vc_btn3-shape-rounded ts-vc_btn3-style-flat ts-vc_btn3-weight-no ts-vc_btn3-icon-left ts-vc_btn3-color-blue\" href=\"https:\/\/www.ocho.pl\/en\/eye-surgery-centres\/krakow\/\" title=\"Eye Surgery Centre in Krak\u00f3w\"><i class=\"ts-vc_btn3-icon tsoptmicon flaticon-optometrist-10\"><\/i> <strong>KRAK\u00d3W<\/strong><br \/>\nEye Surgery Centre<\/a><\/div>\r\n\t\t<div class=\"ts-vc_btn3-container  btnosr ts-vc_btn3-left\"><a class=\"ts-vc_general ts-vc_btn3 ts-vc_btn3-size-lg ts-vc_btn3-shape-rounded ts-vc_btn3-style-flat ts-vc_btn3-weight-no ts-vc_btn3-icon-left ts-vc_btn3-color-blue\" href=\"https:\/\/www.ocho.pl\/en\/eye-surgery-centres\/naleczow\/\" title=\"Eye Surgery Centre in Na\u0142\u0119cz\u00f3w\"><i class=\"ts-vc_btn3-icon tsoptmicon flaticon-eye-1\"><\/i> <strong>NA\u0141\u0118CZ\u00d3W<\/strong><br \/>\nEye Surgery Centre<\/a><\/div>\r\n\t\t<div class=\"ts-vc_btn3-container  btnosr ts-vc_btn3-left\"><a class=\"ts-vc_general ts-vc_btn3 ts-vc_btn3-size-lg ts-vc_btn3-shape-rounded ts-vc_btn3-style-flat ts-vc_btn3-weight-no ts-vc_btn3-icon-left ts-vc_btn3-color-blue\" href=\"https:\/\/www.ocho.pl\/en\/eye-surgery-centres\/nowy-sacz\/\" title=\"Eye Surgery Centre in Nowy S\u0105cz\"><i class=\"ts-vc_btn3-icon tsoptmicon flaticon-optometrist-11\"><\/i> <strong>NOWY S\u0104CZ<\/strong><br \/>\nEye Surgery Centre<\/a><\/div>[\/vc_column_inner][\/vc_row_inner][vc_empty_space][\/vc_column][\/vc_row]<\/p>\n<\/div>","protected":false},"excerpt":{"rendered":"<p>[vc_row ts_bgcolor=&#8221;primarydarkgrey&#8221;][vc_column width=&#8221;2\/3&#8243;][vc_empty_space][vc_column_text]Blepharoplasty is a surgical procedure involving removal of excessive loose skin from the eyelids. It is usually performed for aesthetic reasons, since drooping eyelids cause older and more tired look of the face. It also happens, however, that they restrict the field of vision and often contribute to discomfort in the eye region, &hellip; <a href=\"https:\/\/www.ocho.pl\/en\/treatment\/blepharoplasty\/\" class=\"more-link\">Continue reading <span class=\"screen-reader-text\">Blepharoplasty<\/span><\/a><\/p>\n","protected":false},"author":1,"featured_media":0,"parent":13749,"menu_order":0,"comment_status":"closed","ping_status":"closed","template":"","meta":{"_acf_changed":false,"footnotes":"","_links_to":"","_links_to_target":""},"class_list":["post-13766","page","type-page","status-publish","hentry"],"acf":[],"aioseo_notices":[],"_links":{"self":[{"href":"https:\/\/www.ocho.pl\/en\/wp-json\/wp\/v2\/pages\/13766","targetHints":{"allow":["GET"]}}],"collection":[{"href":"https:\/\/www.ocho.pl\/en\/wp-json\/wp\/v2\/pages"}],"about":[{"href":"https:\/\/www.ocho.pl\/en\/wp-json\/wp\/v2\/types\/page"}],"author":[{"embeddable":true,"href":"https:\/\/www.ocho.pl\/en\/wp-json\/wp\/v2\/users\/1"}],"replies":[{"embeddable":true,"href":"https:\/\/www.ocho.pl\/en\/wp-json\/wp\/v2\/comments?post=13766"}],"version-history":[{"count":7,"href":"https:\/\/www.ocho.pl\/en\/wp-json\/wp\/v2\/pages\/13766\/revisions"}],"predecessor-version":[{"id":13782,"href":"https:\/\/www.ocho.pl\/en\/wp-json\/wp\/v2\/pages\/13766\/revisions\/13782"}],"up":[{"embeddable":true,"href":"https:\/\/www.ocho.pl\/en\/wp-json\/wp\/v2\/pages\/13749"}],"wp:attachment":[{"href":"https:\/\/www.ocho.pl\/en\/wp-json\/wp\/v2\/media?parent=13766"}],"curies":[{"name":"wp","href":"https:\/\/api.w.org\/{rel}","templated":true}]}}