{"id":13649,"date":"2022-03-16T15:52:22","date_gmt":"2022-03-16T14:52:22","guid":{"rendered":"https:\/\/www.ocho.pl\/diagnostics\/tonometry-examinations-used-to-measure-the-intraocular-pressure\/"},"modified":"2024-09-05T11:56:13","modified_gmt":"2024-09-05T09:56:13","slug":"tonometry-examinations-used-to-measure-the-intraocular-pressure","status":"publish","type":"page","link":"https:\/\/www.ocho.pl\/en\/diagnostics\/tonometry-examinations-used-to-measure-the-intraocular-pressure\/","title":{"rendered":"Tonometry &#8211; examinations, used to measure the intraocular pressure"},"content":{"rendered":"<div class=\"wpb-content-wrapper\"><p>[vc_row ts_bgcolor=&#8221;primarydarkgrey&#8221;][vc_column width=&#8221;2\/3&#8243;][vc_empty_space][vc_column_text]<strong>Tonometry<\/strong> is one of the most important standard ophthalmological examinations, used to measure the intraocular pressure. Depending on the indications and type of equipment used to conduct the examination, one may speak of a contact and non-contact method of examination.<\/p>\n<p>Tonometry is of high importance in ophthalmology, since increased intraocular pressure is a risk factor for glaucoma, and should be performed in each patient undergoing an ophthalmological examination. Failure to diagnose glaucoma may lead to degenerative changes in the optic nerve, or even to loss of vision.[\/vc_column_text]<h2 style=\"text-align:left;\" class=\"ts-custom-heading \" >FAQ<\/h2>\n[vc_tta_accordion active_section=&#8221;111&#8243; collapsible_all=&#8221;true&#8221;][vc_tta_section title=&#8221;What does a basic ophthalmological visit look like and what examinations does it include?&#8221; tab_id=&#8221;1643892095889-f4254a29-4a8c&#8221;][vc_column_text]During a basic ophthalmological visit, the patient&#8217;s ophthalmological history is taken, and the following examinations are conducted: autorefraction, keratometry, intraocular pressure measurement, visual acuity examination, slit lamp examination and fundoscopic examination.[\/vc_column_text][\/vc_tta_section][vc_tta_section title=&#8221;Is it possible to have some specialist examinations during a general visit?&#8221; tab_id=&#8221;1643892095901-e0acc33b-3204&#8243;][vc_column_text]<\/p>\n<div class=\"faq-list__item\">\n<div id=\"ui-id-1\" class=\"faq-list__ask\" aria-controls=\"ui-id-2\"><\/div>\n<div id=\"ui-id-2\" class=\"faq-list__answer\" aria-controls=\"ui-id-1\">\n<div class=\"faq-list__content\">In most cases, yes. If the doctor decides that some additional examinations are necessary, they may be performed during the visit, or if the doctor does not perform that kind of examinations, the patient is referred to another specialist.<\/div>\n<\/div>\n<\/div>\n<p>[\/vc_column_text][\/vc_tta_section][vc_tta_section title=&#8221;How long does a general ophthalmological visit last?&#8221; tab_id=&#8221;1643961911014-bf845a05-7e0d&#8221;][vc_column_text]An ophthalmological visit with performance of basic examinations lasts about 20 minutes. In some Centres, the examinations being part of the visit are performed by auxiliary personnel in the examination room. These activities are also included in the time of the basic visit.[\/vc_column_text][\/vc_tta_section][vc_tta_section title=&#8221;Should I remove contact lenses before the visit?&#8221; tab_id=&#8221;1643961946447-2fba462f-2653&#8243;][vc_column_text]Yes, it is recommended that contact lenses be removed before the visit. The patient should bring the lenses to the visit, since the doctor may ask the patient to insert them.[\/vc_column_text][\/vc_tta_section][vc_tta_section title=&#8221;What is the cost of a general visit?&#8221; tab_id=&#8221;1643962023705-b8f4e683-fd59&#8243;][vc_column_text]The cost of a visit is as per the price list on our website.[\/vc_column_text][\/vc_tta_section][vc_tta_section title=&#8221;What is the waiting time for a private and health fund visit?&#8221; tab_id=&#8221;1643962185546-95affa95-1d54&#8243;][vc_column_text]<\/p>\n<div class=\"faq-list__item\">\n<div id=\"ui-id-5\" class=\"faq-list__ask\" aria-controls=\"ui-id-6\"><\/div>\n<div id=\"ui-id-6\" class=\"faq-list__answer\" aria-controls=\"ui-id-5\">\n<div class=\"faq-list__content\">The waiting time for a private visit is up to a week. This time may be longer if the patient wants to see a particular specialist. The waiting time for a National Health Fund visit is according to the waiting list. Please call or e-mail us to appoint a specific date.<\/div>\n<\/div>\n<\/div>\n<p>[\/vc_column_text][\/vc_tta_section][vc_tta_section title=&#8221;Can I receive a prescription for glasses\/select contact lenses during a general visit?&#8221; tab_id=&#8221;1644247213047-d13db43b-23e0&#8243;][vc_column_text]Yes, but you should inform the doctor that you would like to select glasses or lenses at the beginning of the visit.[\/vc_column_text][\/vc_tta_section][vc_tta_section title=&#8221;Should I apply eye drops which I normally use, on the day of the visit? (lubricating, anti-glaucoma, artificial tears, etc.)&#8221; tab_id=&#8221;1644247240354-33c169d9-817b&#8221;][vc_column_text]Yes, you should normally apply your eye drops.[\/vc_column_text][\/vc_tta_section][vc_tta_section title=&#8221;Do I need special preparation for the visit?&#8221; tab_id=&#8221;1644268577387-942751c5-314c&#8221;][vc_column_text]An ophthalmological visit does not require special preparation. If this is your first visit at the centre, you should have the identity card, which is necessary to create a patient record. Also remember that in most cases it is not allowed to drive a car after an ophthalmological visit.[\/vc_column_text][\/vc_tta_section][vc_tta_section title=&#8221;Should I take my medical documentation from previous treatment (e.g. from another institution) to the ophthalmological visit?&#8221; tab_id=&#8221;1644268616402-28ea325b-98e7&#8243;][vc_column_text]During the first visit, the doctor takes the patient\u2019s ophthalmological history. If the patient has any ophthalmological documentation from other institutions, it is worth taking it to the visit.[\/vc_column_text][\/vc_tta_section][vc_tta_section title=&#8221;Should I take my glasses to the ophthalmological visit?&#8221; tab_id=&#8221;1644268645711-d0863ba9-4145&#8243;][vc_column_text]Yes.[\/vc_column_text][\/vc_tta_section][vc_tta_section title=&#8221;Can I return to work\/school after the ophthalmological visit?&#8221; tab_id=&#8221;1644268667028-a7a2bccf-f89f&#8221;][vc_column_text]You can return to work\/school after the ophthalmological visit, but please remember that if you received eye drops at the visit, your vision may be disturbed and blurred for about 2-3 hours.[\/vc_column_text][\/vc_tta_section][vc_tta_section title=&#8221;How often should I have ophthalmological check-ups?&#8221; tab_id=&#8221;1644268699310-fc9ad022-cdb3&#8243;][vc_column_text]Ophthalmological check-ups is an individual matter. The doctor usually informs the patient during the visit when he\/she should return. Patients over 50 should have a check-up at least once a year.[\/vc_column_text][\/vc_tta_section][vc_tta_section title=&#8221;Can I drive a car after the visit?&#8221; tab_id=&#8221;1644268721449-dd2519c0-e524&#8243;][vc_column_text]If you received pupil-dilating drops at the visit, you must NOT drive a car directly after the visit. You should wait for about 2-3 hours.[\/vc_column_text][\/vc_tta_section][\/vc_tta_accordion][\/vc_column][vc_column width=&#8221;1\/3&#8243;][vc_empty_space][vc_row_inner equal_height=&#8221;yes&#8221; el_class=&#8221;ts-discount-box osrodki&#8221;][vc_column_inner]<div class=\"ts-vc_icon_element ts-vc_icon_element-outer ts-vc_icon_element-align-center  ts-vc_icon_element-have-style vc_custom_1646823477191\"><div class=\"ts-vc_icon_element-inner  ts-vc_icon_element-have-style-inner ts-vc_icon_element-color-white ts-vc_icon_element-size-lg ts-vc_icon_element-style-rounded ts-vc_icon_element-background ts-vc_icon_element-background-color-custom\"  style=\"background-color:#325575\"><span class=\"ts-vc_icon_element-icon tsoptmicon flaticon-eye\" ><\/span><\/div><\/div><h4 style=\"text-align:center;font-size:25px;line-height:35px;color:#325575;font-family:'Montserrat',Arial,Helvetica;font-weight:700;\" class=\"ts-custom-heading \" >Tonometry - examinations, used to measure the intraocular pressure<\/h4>\n<h6 style=\"text-align:center;color:#ffffff;font-family:'Montserrat',Arial,Helvetica;font-weight:700;\" class=\"ts-custom-heading \" >price from<\/h6>\n<h3 style=\"text-align:center;font-size:50px;line-height:60px;color:#ffffff;font-family:'Montserrat',Arial,Helvetica;font-weight:700;\" class=\"ts-custom-heading ts-skincolor vc_custom_1651528650123\" >40 PLN<\/h3>\n[vc_empty_space][\/vc_column_inner][\/vc_row_inner][vc_empty_space][vc_row_inner equal_height=&#8221;yes&#8221; el_class=&#8221;ts-discount-box osrodki&#8221;][vc_column_inner]<h4 style=\"text-align:center;font-size:22px;line-height:32px;color:#325575;font-family:'Montserrat',Arial,Helvetica;font-weight:700;\" class=\"ts-custom-heading vc_custom_1646823939867\" >Available at:<\/h4>\n[vc_empty_space height=&#8221;20px&#8221;]\r\n\t\t<div class=\"ts-vc_btn3-container  btnosr ts-vc_btn3-left\"><a class=\"ts-vc_general ts-vc_btn3 ts-vc_btn3-size-lg ts-vc_btn3-shape-rounded ts-vc_btn3-style-flat ts-vc_btn3-weight-no ts-vc_btn3-icon-left ts-vc_btn3-color-blue\" href=\"https:\/\/www.ocho.pl\/en\/eye-surgery-centres\/krakow\/\" title=\"Eye Surgery Centre in Krak\u00f3w\"><i class=\"ts-vc_btn3-icon tsoptmicon flaticon-optometrist-10\"><\/i> <strong>KRAK\u00d3W<\/strong><br \/>\nEye Surgery Centre<\/a><\/div>\r\n\t\t<div class=\"ts-vc_btn3-container  btnosr ts-vc_btn3-left\"><a class=\"ts-vc_general ts-vc_btn3 ts-vc_btn3-size-lg ts-vc_btn3-shape-rounded ts-vc_btn3-style-flat ts-vc_btn3-weight-no ts-vc_btn3-icon-left ts-vc_btn3-color-blue\" href=\"https:\/\/www.ocho.pl\/en\/ophthalmology-offices\/lublin\/\" title=\"Ophthalmology Offices in Lublin\"><i class=\"ts-vc_btn3-icon tsoptmicon flaticon-optometrist-14\"><\/i> <strong>LUBLIN<\/strong><br \/>\nOphthalmology Offices<\/a><\/div>\r\n\t\t<div class=\"ts-vc_btn3-container  btnosr ts-vc_btn3-left\"><a class=\"ts-vc_general ts-vc_btn3 ts-vc_btn3-size-lg ts-vc_btn3-shape-rounded ts-vc_btn3-style-flat ts-vc_btn3-weight-no ts-vc_btn3-icon-left ts-vc_btn3-color-blue\" href=\"https:\/\/www.ocho.pl\/en\/eye-surgery-centres\/naleczow\/\" title=\"Eye Surgery Centre in Na\u0142\u0119cz\u00f3w\"><i class=\"ts-vc_btn3-icon tsoptmicon flaticon-eye-1\"><\/i> <strong>NA\u0141\u0118CZ\u00d3W<\/strong><br \/>\nEye Surgery Centre<\/a><\/div>\r\n\t\t<div class=\"ts-vc_btn3-container  btnosr ts-vc_btn3-left\"><a class=\"ts-vc_general ts-vc_btn3 ts-vc_btn3-size-lg ts-vc_btn3-shape-rounded ts-vc_btn3-style-flat ts-vc_btn3-weight-no ts-vc_btn3-icon-left ts-vc_btn3-color-blue\" href=\"https:\/\/www.ocho.pl\/en\/eye-surgery-centres\/nowy-sacz\/\" title=\"Eye Surgery Centre in Nowy S\u0105cz\"><i class=\"ts-vc_btn3-icon tsoptmicon flaticon-optometrist-11\"><\/i> <strong>NOWY S\u0104CZ<\/strong><br \/>\nEye Surgery Centre<\/a><\/div>\r\n\t\t<div class=\"ts-vc_btn3-container  btnosr ts-vc_btn3-left\"><a class=\"ts-vc_general ts-vc_btn3 ts-vc_btn3-size-lg ts-vc_btn3-shape-rounded ts-vc_btn3-style-flat ts-vc_btn3-weight-no ts-vc_btn3-icon-left ts-vc_btn3-color-blue\" href=\"https:\/\/www.ocho.pl\/en\/eye-surgery-centres\/eye-surgery-centre-in-rzeszow\/\" title=\"Eye Surgery Centre in Rzesz\u00f3w\"><i class=\"ts-vc_btn3-icon tsoptmicon flaticon-optometrist-1\"><\/i> <strong>RZESZ\u00d3W<\/strong><br \/>\nEye Surgery Centre<\/a><\/div>\r\n\t\t<div class=\"ts-vc_btn3-container  btnosr ts-vc_btn3-left\"><a class=\"ts-vc_general ts-vc_btn3 ts-vc_btn3-size-lg ts-vc_btn3-shape-rounded ts-vc_btn3-style-flat ts-vc_btn3-weight-no ts-vc_btn3-icon-left ts-vc_btn3-color-blue\" href=\"https:\/\/www.ocho.pl\/en\/ophthalmology-offices\/zwolen\/\" title=\"Ophthalmological office in Zwole\u0144\"><i class=\"ts-vc_btn3-icon tsoptmicon flaticon-desk\"><\/i> <strong>ZWOLE\u0143<\/strong><br \/>\nOphthalmological office<\/a><\/div>\r\n\t\t<div class=\"ts-vc_btn3-container  btnosr ts-vc_btn3-left\"><a class=\"ts-vc_general ts-vc_btn3 ts-vc_btn3-size-lg ts-vc_btn3-shape-rounded ts-vc_btn3-style-flat ts-vc_btn3-weight-no ts-vc_btn3-icon-left ts-vc_btn3-color-blue\" href=\"https:\/\/www.ocho.pl\/en\/ophthalmology-offices\/office-of-professor-zbigniew-zagorski-in-lublin\/\" title=\"Office of Professor Zbigniew Zag\u00f3rski in Lublin\"><i class=\"ts-vc_btn3-icon tsoptmicon flaticon-eye-test-1\"><\/i> <strong>LUBLIN<\/strong><br \/>\nOffice of Professor Zbigniew Zag\u00f3rski<\/a><\/div>[\/vc_column_inner][\/vc_row_inner][vc_empty_space][\/vc_column][\/vc_row]<\/p>\n<\/div>","protected":false},"excerpt":{"rendered":"<p>[vc_row ts_bgcolor=&#8221;primarydarkgrey&#8221;][vc_column width=&#8221;2\/3&#8243;][vc_empty_space][vc_column_text]Tonometry is one of the most important standard ophthalmological examinations, used to measure the intraocular pressure. Depending on the indications and type of equipment used to conduct the examination, one may speak of a contact and non-contact method of examination. Tonometry is of high importance in ophthalmology, since increased intraocular pressure is a &hellip; <a href=\"https:\/\/www.ocho.pl\/en\/diagnostics\/tonometry-examinations-used-to-measure-the-intraocular-pressure\/\" class=\"more-link\">Continue reading <span class=\"screen-reader-text\">Tonometry &#8211; examinations, used to measure the intraocular pressure<\/span><\/a><\/p>\n","protected":false},"author":1,"featured_media":0,"parent":13499,"menu_order":0,"comment_status":"closed","ping_status":"closed","template":"","meta":{"_acf_changed":false,"footnotes":"","_links_to":"","_links_to_target":""},"class_list":["post-13649","page","type-page","status-publish","hentry"],"acf":[],"aioseo_notices":[],"_links":{"self":[{"href":"https:\/\/www.ocho.pl\/en\/wp-json\/wp\/v2\/pages\/13649","targetHints":{"allow":["GET"]}}],"collection":[{"href":"https:\/\/www.ocho.pl\/en\/wp-json\/wp\/v2\/pages"}],"about":[{"href":"https:\/\/www.ocho.pl\/en\/wp-json\/wp\/v2\/types\/page"}],"author":[{"embeddable":true,"href":"https:\/\/www.ocho.pl\/en\/wp-json\/wp\/v2\/users\/1"}],"replies":[{"embeddable":true,"href":"https:\/\/www.ocho.pl\/en\/wp-json\/wp\/v2\/comments?post=13649"}],"version-history":[{"count":5,"href":"https:\/\/www.ocho.pl\/en\/wp-json\/wp\/v2\/pages\/13649\/revisions"}],"predecessor-version":[{"id":19279,"href":"https:\/\/www.ocho.pl\/en\/wp-json\/wp\/v2\/pages\/13649\/revisions\/19279"}],"up":[{"embeddable":true,"href":"https:\/\/www.ocho.pl\/en\/wp-json\/wp\/v2\/pages\/13499"}],"wp:attachment":[{"href":"https:\/\/www.ocho.pl\/en\/wp-json\/wp\/v2\/media?parent=13649"}],"curies":[{"name":"wp","href":"https:\/\/api.w.org\/{rel}","templated":true}]}}