{"id":13503,"date":"2022-02-03T14:38:26","date_gmt":"2022-02-03T13:38:26","guid":{"rendered":"https:\/\/www.ocho.pl\/diagnostics\/angio-oct\/"},"modified":"2024-09-05T11:59:40","modified_gmt":"2024-09-05T09:59:40","slug":"angio-oct","status":"publish","type":"page","link":"https:\/\/www.ocho.pl\/en\/diagnostics\/angio-oct\/","title":{"rendered":"Angio-OCT"},"content":{"rendered":"<div class=\"wpb-content-wrapper\"><p>[vc_row ts_bgcolor=&#8221;primarydarkgrey&#8221;][vc_column width=&#8221;2\/3&#8243;][vc_empty_space][vc_column_text]<strong>Angio-OCT<\/strong> is a non-invasive technique of assessing retinal vessels and microcirculation without necessary administration of a contrast medium. It enables detection of lesions in small vessels at the earliest stages. The examination is used e.g. for diagnosis and monitoring of such diseases as: age-related retinal degeneration, central retinal vein occlusion, diabetic retinopathy and glaucoma.<\/p>\n<p>The examination provides the doctors with imaging of the vascular pattern and retinal layers during a single examination. It is completely safe and non-invasive for the patient.[\/vc_column_text]<h2 style=\"text-align:left;\" class=\"ts-custom-heading \" >FAQ<\/h2>\n[vc_tta_accordion active_section=&#8221;111&#8243;][vc_tta_section title=&#8221;What is Angio-OCT?&#8221; tab_id=&#8221;1643892095889-f4254a29-4a8c&#8221;][vc_column_text]Angio-OCT is a method of retinal and choroidal vessel imaging with the use of an optic tomograph.[\/vc_column_text][\/vc_tta_section][vc_tta_section title=&#8221;How is OCT\/SOCT examination carried out?&#8221; tab_id=&#8221;1643892095901-e0acc33b-3204&#8243;][vc_column_text]Angio-OCT is a non-invasive examination. The light beam used by the system to make measurements is completely safe for the eye. The examination does not require administration of a contrast medium.[\/vc_column_text][\/vc_tta_section][vc_tta_section title=&#8221;When is Angio-OCT recommended?&#8221; tab_id=&#8221;1643961911014-bf845a05-7e0d&#8221;][vc_column_text]Angio-OCT is performed in the case of: macular degeneration (AMD), diabetic retinopathy, occlusion of retinal vessels, glaucoma.[\/vc_column_text][\/vc_tta_section][vc_tta_section title=&#8221;Can I drive a car after the examination?&#8221; tab_id=&#8221;1643961946447-2fba462f-2653&#8243;][vc_column_text]If you receive pupil-dilating drops during the examination, you must NOT drive a car directly after that. You should wait for about 2-3 hours.[\/vc_column_text][\/vc_tta_section][vc_tta_section title=&#8221;Can children undergo Angio-OCT?&#8221; tab_id=&#8221;1643962023705-b8f4e683-fd59&#8243;][vc_column_text]Angio-OCT examination is painless, non-invasive and completely safe. In the case of children, it depends on the cooperation of the child with the person performing the examination.[\/vc_column_text][\/vc_tta_section][vc_tta_section title=&#8221;Can pregnant women undergo Angio-OCT?&#8221; tab_id=&#8221;1643962185546-95affa95-1d54&#8243;][vc_column_text]There are no contraindications to conduct this examination in pregnant or lactating women.[\/vc_column_text][\/vc_tta_section][\/vc_tta_accordion][\/vc_column][vc_column width=&#8221;1\/3&#8243;][vc_empty_space][vc_row_inner equal_height=&#8221;yes&#8221; el_class=&#8221;ts-discount-box osrodki&#8221;][vc_column_inner]<div class=\"ts-vc_icon_element ts-vc_icon_element-outer ts-vc_icon_element-align-center  ts-vc_icon_element-have-style vc_custom_1646823477191\"><div class=\"ts-vc_icon_element-inner  ts-vc_icon_element-have-style-inner ts-vc_icon_element-color-white ts-vc_icon_element-size-lg ts-vc_icon_element-style-rounded ts-vc_icon_element-background ts-vc_icon_element-background-color-custom\"  style=\"background-color:#325575\"><span class=\"ts-vc_icon_element-icon tsoptmicon flaticon-eye\" ><\/span><\/div><\/div><h4 style=\"text-align:center;font-size:25px;line-height:35px;color:#325575;font-family:'Montserrat',Arial,Helvetica;font-weight:700;\" class=\"ts-custom-heading \" >Angio-OCT<\/h4>\n<h6 style=\"text-align:center;color:#ffffff;font-family:'Montserrat',Arial,Helvetica;font-weight:700;\" class=\"ts-custom-heading \" >price from<\/h6>\n<h3 style=\"text-align:center;font-size:50px;line-height:60px;color:#ffffff;font-family:'Montserrat',Arial,Helvetica;font-weight:700;\" class=\"ts-custom-heading ts-skincolor vc_custom_1647423134915\" >180 PLN<\/h3>\n[vc_empty_space][\/vc_column_inner][\/vc_row_inner][vc_empty_space][vc_row_inner equal_height=&#8221;yes&#8221; el_class=&#8221;ts-discount-box osrodki&#8221;][vc_column_inner]<h4 style=\"text-align:center;font-size:22px;line-height:32px;color:#325575;font-family:'Montserrat',Arial,Helvetica;font-weight:700;\" class=\"ts-custom-heading vc_custom_1646823939867\" >Available at:<\/h4>\n[vc_empty_space height=&#8221;20px&#8221;]\r\n\t\t<div class=\"ts-vc_btn3-container  btnosr ts-vc_btn3-left\"><a class=\"ts-vc_general ts-vc_btn3 ts-vc_btn3-size-lg ts-vc_btn3-shape-rounded ts-vc_btn3-style-flat ts-vc_btn3-weight-no ts-vc_btn3-icon-left ts-vc_btn3-color-blue\" href=\"https:\/\/www.ocho.pl\/en\/eye-surgery-centres\/krakow\/\" title=\"Eye Surgery Centre in Krak\u00f3w\"><i class=\"ts-vc_btn3-icon tsoptmicon flaticon-optometrist-10\"><\/i> <strong>KRAK\u00d3W<\/strong><br \/>\nEye Surgery Centre<\/a><\/div>\r\n\t\t<div class=\"ts-vc_btn3-container  btnosr ts-vc_btn3-left\"><a class=\"ts-vc_general ts-vc_btn3 ts-vc_btn3-size-lg ts-vc_btn3-shape-rounded ts-vc_btn3-style-flat ts-vc_btn3-weight-no ts-vc_btn3-icon-left ts-vc_btn3-color-blue\" href=\"https:\/\/www.ocho.pl\/en\/ophthalmology-offices\/lublin\/\" title=\"Ophthalmology Offices in Lublin\"><i class=\"ts-vc_btn3-icon tsoptmicon flaticon-optometrist-14\"><\/i> <strong>LUBLIN<\/strong><br \/>\nOphthalmology Offices<\/a><\/div>\r\n\t\t<div class=\"ts-vc_btn3-container  btnosr ts-vc_btn3-left\"><a class=\"ts-vc_general ts-vc_btn3 ts-vc_btn3-size-lg ts-vc_btn3-shape-rounded ts-vc_btn3-style-flat ts-vc_btn3-weight-no ts-vc_btn3-icon-left ts-vc_btn3-color-blue\" href=\"https:\/\/www.ocho.pl\/en\/eye-surgery-centres\/naleczow\/\" title=\"Eye Surgery Centre in Na\u0142\u0119cz\u00f3w\"><i class=\"ts-vc_btn3-icon tsoptmicon flaticon-eye-1\"><\/i> <strong>NA\u0141\u0118CZ\u00d3W<\/strong><br \/>\nEye Surgery Centre<\/a><\/div>\r\n\t\t<div class=\"ts-vc_btn3-container  btnosr ts-vc_btn3-left\"><a class=\"ts-vc_general ts-vc_btn3 ts-vc_btn3-size-lg ts-vc_btn3-shape-rounded ts-vc_btn3-style-flat ts-vc_btn3-weight-no ts-vc_btn3-icon-left ts-vc_btn3-color-blue\" href=\"https:\/\/www.ocho.pl\/en\/eye-surgery-centres\/nowy-sacz\/\" title=\"Eye Surgery Centre in Nowy S\u0105cz\"><i class=\"ts-vc_btn3-icon tsoptmicon flaticon-optometrist-11\"><\/i> <strong>NOWY S\u0104CZ<\/strong><br \/>\nEye Surgery Centre<\/a><\/div>\r\n\t\t<div class=\"ts-vc_btn3-container  btnosr ts-vc_btn3-left\"><a class=\"ts-vc_general ts-vc_btn3 ts-vc_btn3-size-lg ts-vc_btn3-shape-rounded ts-vc_btn3-style-flat ts-vc_btn3-weight-no ts-vc_btn3-icon-left ts-vc_btn3-color-blue\" href=\"https:\/\/www.ocho.pl\/en\/eye-surgery-centres\/eye-surgery-centre-in-rzeszow\/\" title=\"Eye Surgery Centre in Rzesz\u00f3w\"><i class=\"ts-vc_btn3-icon tsoptmicon flaticon-optometrist-1\"><\/i> <strong>RZESZ\u00d3W<\/strong><br \/>\nEye Surgery Centre<\/a><\/div>\r\n\t\t<div class=\"ts-vc_btn3-container  btnosr ts-vc_btn3-left\"><a class=\"ts-vc_general ts-vc_btn3 ts-vc_btn3-size-lg ts-vc_btn3-shape-rounded ts-vc_btn3-style-flat ts-vc_btn3-weight-no ts-vc_btn3-icon-left ts-vc_btn3-color-blue\" href=\"https:\/\/www.ocho.pl\/en\/ophthalmology-offices\/zwolen\/\" title=\"Ophthalmological office in Zwole\u0144\"><i class=\"ts-vc_btn3-icon tsoptmicon flaticon-desk\"><\/i> <strong>ZWOLE\u0143<\/strong><br \/>\nOphthalmological office<\/a><\/div>[\/vc_column_inner][\/vc_row_inner][vc_empty_space][\/vc_column][\/vc_row]<\/p>\n<\/div>","protected":false},"excerpt":{"rendered":"<p>[vc_row ts_bgcolor=&#8221;primarydarkgrey&#8221;][vc_column width=&#8221;2\/3&#8243;][vc_empty_space][vc_column_text]Angio-OCT is a non-invasive technique of assessing retinal vessels and microcirculation without necessary administration of a contrast medium. It enables detection of lesions in small vessels at the earliest stages. The examination is used e.g. for diagnosis and monitoring of such diseases as: age-related retinal degeneration, central retinal vein occlusion, diabetic retinopathy and &hellip; <a href=\"https:\/\/www.ocho.pl\/en\/diagnostics\/angio-oct\/\" class=\"more-link\">Continue reading <span class=\"screen-reader-text\">Angio-OCT<\/span><\/a><\/p>\n","protected":false},"author":1,"featured_media":0,"parent":13499,"menu_order":0,"comment_status":"closed","ping_status":"closed","template":"","meta":{"_acf_changed":false,"footnotes":"","_links_to":"","_links_to_target":""},"class_list":["post-13503","page","type-page","status-publish","hentry"],"acf":[],"aioseo_notices":[],"_links":{"self":[{"href":"https:\/\/www.ocho.pl\/en\/wp-json\/wp\/v2\/pages\/13503","targetHints":{"allow":["GET"]}}],"collection":[{"href":"https:\/\/www.ocho.pl\/en\/wp-json\/wp\/v2\/pages"}],"about":[{"href":"https:\/\/www.ocho.pl\/en\/wp-json\/wp\/v2\/types\/page"}],"author":[{"embeddable":true,"href":"https:\/\/www.ocho.pl\/en\/wp-json\/wp\/v2\/users\/1"}],"replies":[{"embeddable":true,"href":"https:\/\/www.ocho.pl\/en\/wp-json\/wp\/v2\/comments?post=13503"}],"version-history":[{"count":8,"href":"https:\/\/www.ocho.pl\/en\/wp-json\/wp\/v2\/pages\/13503\/revisions"}],"predecessor-version":[{"id":19295,"href":"https:\/\/www.ocho.pl\/en\/wp-json\/wp\/v2\/pages\/13503\/revisions\/19295"}],"up":[{"embeddable":true,"href":"https:\/\/www.ocho.pl\/en\/wp-json\/wp\/v2\/pages\/13499"}],"wp:attachment":[{"href":"https:\/\/www.ocho.pl\/en\/wp-json\/wp\/v2\/media?parent=13503"}],"curies":[{"name":"wp","href":"https:\/\/api.w.org\/{rel}","templated":true}]}}